{"id":1907,"date":"2024-09-22T14:19:40","date_gmt":"2024-09-22T14:19:40","guid":{"rendered":"https:\/\/www.drzeyneltolgakayan.com\/?page_id=1907"},"modified":"2024-09-24T07:11:20","modified_gmt":"2024-09-24T07:11:20","slug":"cene-dolgusu","status":"publish","type":"page","link":"https:\/\/www.drzeyneltolgakayan.com\/en\/cene-dolgusu\/","title":{"rendered":"CHIN PADDING"},"content":{"rendered":"<div data-elementor-type=\"wp-page\" data-elementor-id=\"1907\" class=\"elementor elementor-1907\">\n\t\t\t\t\t\t<section class=\"elementor-section elementor-top-section elementor-element elementor-element-ad319a6 elementor-section-boxed elementor-section-height-default elementor-section-height-default\" data-id=\"ad319a6\" data-element_type=\"section\">\n\t\t\t\t\t\t<div class=\"elementor-container elementor-column-gap-default\">\n\t\t\t\t\t<div class=\"elementor-column elementor-col-100 elementor-top-column elementor-element elementor-element-33c5ea4\" data-id=\"33c5ea4\" data-element_type=\"column\">\n\t\t\t<div class=\"elementor-widget-wrap elementor-element-populated\">\n\t\t\t\t\t\t<div class=\"elementor-element elementor-element-ddba2c8 elementor-widget elementor-widget-cz_gap\" data-id=\"ddba2c8\" data-element_type=\"widget\" data-widget_type=\"cz_gap.default\">\n\t\t\t\t<div class=\"elementor-widget-container\">\n\t\t\t<div class=\"cz_gap clr\"><\/div>\t\t<\/div>\n\t\t\t\t<\/div>\n\t\t\t\t<div class=\"elementor-element elementor-element-9a5350e elementor-widget elementor-widget-cz_title\" data-id=\"9a5350e\" data-element_type=\"widget\" data-widget_type=\"cz_title.default\">\n\t\t\t\t<div class=\"elementor-widget-container\">\n\t\t\t\t\r\n\t\t<div>\r\n\t\t\t<div class=\"cz_title clr cz_title_pos_inline tac\"><div class=\"cz_title_shape shape_image cz_shape_1\"><img decoding=\"async\" width=\"150\" height=\"150\" src=\"data:image\/svg+xml,%3Csvg%20xmlns%3D&#39;http%3A%2F%2Fwww.w3.org%2F2000%2Fsvg&#39;%20width=&#39;150&#39;%20height=&#39;150&#39;%20viewBox%3D&#39;0%200%20150%20150&#39;%2F%3E\" data-czlz data-src=\"https:\/\/www.drzeyneltolgakayan.com\/wp-content\/uploads\/2024\/09\/icon1-150x150.png\" class=\"attachment-thumbnail size-thumbnail wp-image-2397\" alt=\"\" data-srcset=\"https:\/\/www.drzeyneltolgakayan.com\/wp-content\/uploads\/2024\/09\/icon1-150x150.png 150w, https:\/\/www.drzeyneltolgakayan.com\/wp-content\/uploads\/2024\/09\/icon1-300x300.png 300w, https:\/\/www.drzeyneltolgakayan.com\/wp-content\/uploads\/2024\/09\/icon1-100x100.png 100w, https:\/\/www.drzeyneltolgakayan.com\/wp-content\/uploads\/2024\/09\/icon1.png 512w\" data-sizes=\"(max-width: 150px) 100vw, 150px\" \/><\/div><div class=\"cz_title_content\"><div class=\"cz_wpe_content\"><h3 style=\"text-align: center;\"><span style=\"font-size: 48px;\"><strong>CHIN PADDING<\/strong><\/span><\/h3><\/div><\/div><\/div>\r\n\t\t<\/div>\r\n\t\t\r\n\t\t\t\t<\/div>\n\t\t\t\t<\/div>\n\t\t\t\t<div class=\"elementor-element elementor-element-76cbe86 elementor-widget elementor-widget-cz_gap\" data-id=\"76cbe86\" data-element_type=\"widget\" data-widget_type=\"cz_gap.default\">\n\t\t\t\t<div class=\"elementor-widget-container\">\n\t\t\t<div class=\"cz_gap clr\"><\/div>\t\t<\/div>\n\t\t\t\t<\/div>\n\t\t\t\t\t<\/div>\n\t\t<\/div>\n\t\t\t\t\t<\/div>\n\t\t<\/section>\n\t\t<div class=\"elementor-element elementor-element-7409abd e-flex e-con-boxed e-con e-parent\" data-id=\"7409abd\" data-element_type=\"container\">\n\t\t\t\t\t<div class=\"e-con-inner\">\n\t\t\t\t<div class=\"elementor-element elementor-element-d3a53b9 elementor-widget elementor-widget-image\" data-id=\"d3a53b9\" data-element_type=\"widget\" data-widget_type=\"image.default\">\n\t\t\t\t<div class=\"elementor-widget-container\">\n\t\t\t\t\t\t\t\t\t\t\t\t\t<img fetchpriority=\"high\" decoding=\"async\" width=\"780\" height=\"480\" src=\"data:image\/svg+xml,%3Csvg%20xmlns%3D&#39;http%3A%2F%2Fwww.w3.org%2F2000%2Fsvg&#39;%20width=&#39;780&#39;%20height=&#39;480&#39;%20viewBox%3D&#39;0%200%20780%20480&#39;%2F%3E\" data-czlz data-src=\"https:\/\/www.drzeyneltolgakayan.com\/wp-content\/uploads\/2024\/09\/cene-botoksu.jpg\" class=\"attachment-full size-full wp-image-1871\" alt=\"\" data-srcset=\"https:\/\/www.drzeyneltolgakayan.com\/wp-content\/uploads\/2024\/09\/cene-botoksu.jpg 780w, https:\/\/www.drzeyneltolgakayan.com\/wp-content\/uploads\/2024\/09\/cene-botoksu-300x185.jpg 300w, https:\/\/www.drzeyneltolgakayan.com\/wp-content\/uploads\/2024\/09\/cene-botoksu-768x473.jpg 768w, https:\/\/www.drzeyneltolgakayan.com\/wp-content\/uploads\/2024\/09\/cene-botoksu-600x369.jpg 600w\" data-sizes=\"(max-width: 780px) 100vw, 780px\" \/>\t\t\t\t\t\t\t\t\t\t\t\t\t<\/div>\n\t\t\t\t<\/div>\n\t\t\t\t\t<\/div>\n\t\t\t\t<\/div>\n\t\t\t\t<section class=\"elementor-section elementor-top-section elementor-element elementor-element-a78a25a elementor-section-boxed elementor-section-height-default elementor-section-height-default\" data-id=\"a78a25a\" data-element_type=\"section\">\n\t\t\t\t\t\t<div class=\"elementor-container elementor-column-gap-default\">\n\t\t\t\t\t<div class=\"elementor-column elementor-col-100 elementor-top-column elementor-element elementor-element-e11e8e8\" data-id=\"e11e8e8\" data-element_type=\"column\">\n\t\t\t<div class=\"elementor-widget-wrap elementor-element-populated\">\n\t\t\t\t\t\t<div class=\"elementor-element elementor-element-011ec08 elementor-widget elementor-widget-cz_gap\" data-id=\"011ec08\" data-element_type=\"widget\" data-widget_type=\"cz_gap.default\">\n\t\t\t\t<div class=\"elementor-widget-container\">\n\t\t\t<div class=\"cz_gap clr\"><\/div>\t\t<\/div>\n\t\t\t\t<\/div>\n\t\t\t\t<div class=\"elementor-element elementor-element-a206d1f elementor-widget elementor-widget-cz_title\" data-id=\"a206d1f\" data-element_type=\"widget\" data-widget_type=\"cz_title.default\">\n\t\t\t\t<div class=\"elementor-widget-container\">\n\t\t\t\t\r\n\t\t<div>\r\n\t\t\t<div class=\"cz_title clr cz_mobile_text_center cz_title_pos_inline\"><div class=\"cz_title_content\"><div class=\"cz_wpe_content\"><h3>\u00c7ene Dolgusu Nedir?<\/h3><p>\u00c7ene dolgusu, y\u00fcz hatlar\u0131n\u0131 dengelemek, \u00e7ene yap\u0131s\u0131n\u0131 belirginle\u015ftirmek ve daha simetrik bir g\u00f6r\u00fcn\u00fcm elde etmek amac\u0131yla yap\u0131lan estetik bir uygulamad\u0131r. Hyaluronik asit i\u00e7eren dolgu maddeleri kullan\u0131larak ger\u00e7ekle\u015ftirilen bu i\u015flem, cerrahi m\u00fcdahaleye gerek kalmadan \u00e7ene hatt\u0131n\u0131n \u015fekillendirilmesine olanak tan\u0131r. \u00c7ene dolgusu, y\u00fcz\u00fcn genel esteti\u011fini tamamlayarak daha keskin ve orant\u0131l\u0131 bir g\u00f6r\u00fcn\u00fcm kazand\u0131r\u0131r.<\/p><h3>\u00c7ene Dolgusunun Faydalar\u0131 Nelerdir?<\/h3><ul><li><strong>Y\u00fcz simetrisini art\u0131r\u0131r:<\/strong> \u00c7ene yap\u0131s\u0131ndaki orant\u0131s\u0131zl\u0131klar\u0131 d\u00fczelterek y\u00fcz hatlar\u0131n\u0131 dengeler.<\/li><li><strong>\u00c7ene hatt\u0131n\u0131 belirginle\u015ftirir:<\/strong> \u00c7enenin daha net ve keskin g\u00f6r\u00fcnmesini sa\u011flar.<\/li><li><strong>Profil iyile\u015ftirmesi:<\/strong> Yandan bak\u0131ld\u0131\u011f\u0131nda \u00e7ene ve boyun hatt\u0131n\u0131 estetik bir \u015fekilde \u015fekillendirir.<\/li><li><strong>\u00c7ene k\u00fc\u00e7\u00fckl\u00fc\u011f\u00fc veya gerili\u011fi:<\/strong> Do\u011fu\u015ftan gelen veya ya\u015flanma ile olu\u015fan \u00e7ene yap\u0131s\u0131 sorunlar\u0131n\u0131 d\u00fczeltir.<\/li><\/ul><h3>\u00c7ene Dolgusu Nas\u0131l Uygulan\u0131r?<\/h3><p>\u00c7ene dolgusu, steril bir ortamda, ince i\u011fneler veya kan\u00fcller arac\u0131l\u0131\u011f\u0131yla hyaluronik asit bazl\u0131 dolgu maddesinin \u00e7ene b\u00f6lgesine enjekte edilmesi ile uygulan\u0131r. \u0130\u015flem yakla\u015f\u0131k 15-30 dakika s\u00fcrer ve etkileri hemen g\u00f6r\u00fclebilir. Genellikle lokal anestezi kullan\u0131ld\u0131\u011f\u0131 i\u00e7in hastalar herhangi bir ac\u0131 hissetmez. \u00c7ene dolgusu uygulamas\u0131, 12-18 ay boyunca kal\u0131c\u0131l\u0131\u011f\u0131n\u0131 koruyabilir ve ihtiyaca g\u00f6re tekrarlanabilir.<\/p><h3>ZTK Klinik\u2019te \u00c7ene Dolgusu<\/h3><p>ZTK Klinik\u2019te uzman doktorlar\u0131m\u0131z, \u00e7ene dolgusu uygulamalar\u0131n\u0131 ki\u015finin y\u00fcz yap\u0131s\u0131na ve isteklerine g\u00f6re dikkatle planlar. Do\u011fal ve estetik bir sonu\u00e7 elde etmek i\u00e7in en kaliteli malzemeler kullan\u0131l\u0131r. Daha dengeli, \u00e7ekici ve keskin bir y\u00fcz hatt\u0131 i\u00e7in ZTK Klinik\u2019te \u00e7ene dolgusu tedavisini g\u00fcvenle tercih edebilirsiniz.<\/p><\/div><\/div><\/div>\r\n\t\t<\/div>\r\n\t\t\r\n\t\t\t\t<\/div>\n\t\t\t\t<\/div>\n\t\t\t\t<div class=\"elementor-element elementor-element-d2ca8ed elementor-widget elementor-widget-cz_gap\" data-id=\"d2ca8ed\" data-element_type=\"widget\" data-widget_type=\"cz_gap.default\">\n\t\t\t\t<div class=\"elementor-widget-container\">\n\t\t\t<div class=\"cz_gap clr\"><\/div>\t\t<\/div>\n\t\t\t\t<\/div>\n\t\t\t\t\t<\/div>\n\t\t<\/div>\n\t\t\t\t\t<\/div>\n\t\t<\/section>\n\t\t\t\t<section class=\"elementor-section elementor-top-section elementor-element elementor-element-15fcbcf elementor-section-boxed elementor-section-height-default elementor-section-height-default\" data-id=\"15fcbcf\" data-element_type=\"section\">\n\t\t\t\t\t\t<div class=\"elementor-container elementor-column-gap-default\">\n\t\t\t\t\t<div class=\"elementor-column elementor-col-100 elementor-top-column elementor-element elementor-element-6253c3c\" data-id=\"6253c3c\" data-element_type=\"column\">\n\t\t\t<div class=\"elementor-widget-wrap elementor-element-populated\">\n\t\t\t\t\t\t<section class=\"elementor-section elementor-inner-section elementor-element elementor-element-905ae5c elementor-section-boxed elementor-section-height-default elementor-section-height-default\" data-id=\"905ae5c\" data-element_type=\"section\">\n\t\t\t\t\t\t<div class=\"elementor-container elementor-column-gap-default\">\n\t\t\t\t\t<div class=\"elementor-column elementor-col-50 elementor-inner-column elementor-element elementor-element-4f62c17\" data-id=\"4f62c17\" data-element_type=\"column\">\n\t\t\t<div class=\"elementor-widget-wrap elementor-element-populated\">\n\t\t\t\t\t\t<div class=\"elementor-element elementor-element-bc06a2c elementor-widget elementor-widget-cz_title\" data-id=\"bc06a2c\" data-element_type=\"widget\" data-widget_type=\"cz_title.default\">\n\t\t\t\t<div class=\"elementor-widget-container\">\n\t\t\t\t\r\n\t\t<div>\r\n\t\t\t<div class=\"cz_title clr cz_mobile_text_center cz_title_has_icon cz_title_pos_inline\"><div class=\"cz_title_content\"><i class=\"cz_title_icon_before fa czico-119-cross\"><\/i><div class=\"cz_wpe_content\"><h3><span style=\"font-size: 32px; color: #ffffff;\">DO YOU HAVE QUESTIONS?<\/span><\/h3>\n<span style=\"color: #d4d4d4;\">Get in touch now.<\/span><\/div><\/div><\/div>\r\n\t\t<\/div>\r\n\t\t\r\n\t\t\t\t<\/div>\n\t\t\t\t<\/div>\n\t\t\t\t\t<\/div>\n\t\t<\/div>\n\t\t\t\t<div class=\"elementor-column elementor-col-50 elementor-inner-column elementor-element elementor-element-2b3ab1b\" data-id=\"2b3ab1b\" data-element_type=\"column\">\n\t\t\t<div class=\"elementor-widget-wrap elementor-element-populated\">\n\t\t\t\t\t\t<div class=\"elementor-element elementor-element-8fbe743 elementor-widget elementor-widget-cz_button\" data-id=\"8fbe743\" data-element_type=\"widget\" data-widget_type=\"cz_button.default\">\n\t\t\t\t<div class=\"elementor-widget-container\">\n\t\t\t\t\t<div class=\"cz_btn_center\">\r\n\t\t\t<div>\r\n\t\t\t\t<a href=\"https:\/\/www.drzeyneltolgakayan.com\/en\/iletisim\/\" class=\"cz_btn cz_btn_txt_move_up cz_btn_zoom_in\">\r\n\r\n\t\t\t\t\t<span><i class=\"fa fa-angle-right\"><\/i>\t\t\t\t\t\t<strong>CONTACT\t\t\t\t\t\t\t\t\t\t\t\t\t<\/strong>\r\n\t\t\t\t\t\t\t\t\t\t\t<\/span>\r\n\r\n\t\t\t\t\t<b class=\"cz_btn_onhover\">\r\n\t\t\t\t\t\t<i class=\"fa fa-angle-right\"><\/i>\t\t\t\t\t\t<strong>\r\n\t\t\t\t\t\t\tCONTACT\t\t\t\t\t\t\t\t\t\t\t\t\t<\/strong>\r\n\t\t\t\t\t\t\t\t\t\t\t<\/b>\r\n\r\n\t\t\t\t<\/a>\r\n\t\t\t<\/div>\r\n\t\t<\/div> \t\t\t\t<\/div>\n\t\t\t\t<\/div>\n\t\t\t\t\t<\/div>\n\t\t<\/div>\n\t\t\t\t\t<\/div>\n\t\t<\/section>\n\t\t\t\t\t<\/div>\n\t\t<\/div>\n\t\t\t\t\t<\/div>\n\t\t<\/section>\n\t\t\t\t<\/div>","protected":false},"excerpt":{"rendered":"<p>\u00c7ENE DOLGUSU \u00c7ene Dolgusu Nedir? \u00c7ene dolgusu, y\u00fcz hatlar\u0131n\u0131 dengelemek, \u00e7ene &#8230; <\/p>","protected":false},"author":1,"featured_media":1871,"parent":0,"menu_order":0,"comment_status":"closed","ping_status":"closed","template":"","meta":{"footnotes":""},"class_list":["post-1907","page","type-page","status-publish","has-post-thumbnail","hentry"],"_links":{"self":[{"href":"https:\/\/www.drzeyneltolgakayan.com\/en\/wp-json\/wp\/v2\/pages\/1907","targetHints":{"allow":["GET"]}}],"collection":[{"href":"https:\/\/www.drzeyneltolgakayan.com\/en\/wp-json\/wp\/v2\/pages"}],"about":[{"href":"https:\/\/www.drzeyneltolgakayan.com\/en\/wp-json\/wp\/v2\/types\/page"}],"author":[{"embeddable":true,"href":"https:\/\/www.drzeyneltolgakayan.com\/en\/wp-json\/wp\/v2\/users\/1"}],"replies":[{"embeddable":true,"href":"https:\/\/www.drzeyneltolgakayan.com\/en\/wp-json\/wp\/v2\/comments?post=1907"}],"version-history":[{"count":11,"href":"https:\/\/www.drzeyneltolgakayan.com\/en\/wp-json\/wp\/v2\/pages\/1907\/revisions"}],"predecessor-version":[{"id":2480,"href":"https:\/\/www.drzeyneltolgakayan.com\/en\/wp-json\/wp\/v2\/pages\/1907\/revisions\/2480"}],"wp:featuredmedia":[{"embeddable":true,"href":"https:\/\/www.drzeyneltolgakayan.com\/en\/wp-json\/wp\/v2\/media\/1871"}],"wp:attachment":[{"href":"https:\/\/www.drzeyneltolgakayan.com\/en\/wp-json\/wp\/v2\/media?parent=1907"}],"curies":[{"name":"wp","href":"https:\/\/api.w.org\/{rel}","templated":true}]}}