{"id":1914,"date":"2024-09-22T14:22:01","date_gmt":"2024-09-22T14:22:01","guid":{"rendered":"https:\/\/www.drzeyneltolgakayan.com\/?page_id=1914"},"modified":"2024-10-01T05:45:52","modified_gmt":"2024-10-01T05:45:52","slug":"full-face-genclik-asisi","status":"publish","type":"page","link":"https:\/\/www.drzeyneltolgakayan.com\/en\/full-face-genclik-asisi\/","title":{"rendered":"YOUTH FULL FACE"},"content":{"rendered":"<div data-elementor-type=\"wp-page\" data-elementor-id=\"1914\" class=\"elementor elementor-1914\">\n\t\t\t\t\t\t<section class=\"elementor-section elementor-top-section elementor-element elementor-element-ad319a6 elementor-section-boxed elementor-section-height-default elementor-section-height-default\" data-id=\"ad319a6\" data-element_type=\"section\">\n\t\t\t\t\t\t<div class=\"elementor-container elementor-column-gap-default\">\n\t\t\t\t\t<div class=\"elementor-column elementor-col-100 elementor-top-column elementor-element elementor-element-33c5ea4\" data-id=\"33c5ea4\" data-element_type=\"column\">\n\t\t\t<div class=\"elementor-widget-wrap elementor-element-populated\">\n\t\t\t\t\t\t<div class=\"elementor-element elementor-element-ddba2c8 elementor-widget elementor-widget-cz_gap\" data-id=\"ddba2c8\" data-element_type=\"widget\" data-widget_type=\"cz_gap.default\">\n\t\t\t\t<div class=\"elementor-widget-container\">\n\t\t\t<div class=\"cz_gap clr\"><\/div>\t\t<\/div>\n\t\t\t\t<\/div>\n\t\t\t\t<div class=\"elementor-element elementor-element-9a5350e elementor-widget elementor-widget-cz_title\" data-id=\"9a5350e\" data-element_type=\"widget\" data-widget_type=\"cz_title.default\">\n\t\t\t\t<div class=\"elementor-widget-container\">\n\t\t\t\t\r\n\t\t<div>\r\n\t\t\t<div class=\"cz_title clr cz_title_pos_inline tac\"><div class=\"cz_title_shape shape_image cz_shape_1\"><img decoding=\"async\" width=\"150\" height=\"150\" src=\"data:image\/svg+xml,%3Csvg%20xmlns%3D&#39;http%3A%2F%2Fwww.w3.org%2F2000%2Fsvg&#39;%20width=&#39;150&#39;%20height=&#39;150&#39;%20viewBox%3D&#39;0%200%20150%20150&#39;%2F%3E\" data-czlz data-src=\"https:\/\/www.drzeyneltolgakayan.com\/wp-content\/uploads\/2024\/09\/icon1-150x150.png\" class=\"attachment-thumbnail size-thumbnail wp-image-2397\" alt=\"\" data-srcset=\"https:\/\/www.drzeyneltolgakayan.com\/wp-content\/uploads\/2024\/09\/icon1-150x150.png 150w, https:\/\/www.drzeyneltolgakayan.com\/wp-content\/uploads\/2024\/09\/icon1-300x300.png 300w, https:\/\/www.drzeyneltolgakayan.com\/wp-content\/uploads\/2024\/09\/icon1-100x100.png 100w, https:\/\/www.drzeyneltolgakayan.com\/wp-content\/uploads\/2024\/09\/icon1.png 512w\" data-sizes=\"(max-width: 150px) 100vw, 150px\" \/><\/div><div class=\"cz_title_content\"><div class=\"cz_wpe_content\"><h3 style=\"text-align: center;\"><span style=\"font-size: 48px;\"><strong>YOUTH FULL FACE<\/strong><\/span><\/h3><\/div><\/div><\/div>\r\n\t\t<\/div>\r\n\t\t\r\n\t\t\t\t<\/div>\n\t\t\t\t<\/div>\n\t\t\t\t<div class=\"elementor-element elementor-element-76cbe86 elementor-widget elementor-widget-cz_gap\" data-id=\"76cbe86\" data-element_type=\"widget\" data-widget_type=\"cz_gap.default\">\n\t\t\t\t<div class=\"elementor-widget-container\">\n\t\t\t<div class=\"cz_gap clr\"><\/div>\t\t<\/div>\n\t\t\t\t<\/div>\n\t\t\t\t\t<\/div>\n\t\t<\/div>\n\t\t\t\t\t<\/div>\n\t\t<\/section>\n\t\t<div class=\"elementor-element elementor-element-7409abd e-flex e-con-boxed e-con e-parent\" data-id=\"7409abd\" data-element_type=\"container\">\n\t\t\t\t\t<div class=\"e-con-inner\">\n\t\t\t\t<div class=\"elementor-element elementor-element-d3a53b9 elementor-widget elementor-widget-image\" data-id=\"d3a53b9\" data-element_type=\"widget\" data-widget_type=\"image.default\">\n\t\t\t\t<div class=\"elementor-widget-container\">\n\t\t\t\t\t\t\t\t\t\t\t\t\t<img fetchpriority=\"high\" decoding=\"async\" width=\"780\" height=\"480\" src=\"data:image\/svg+xml,%3Csvg%20xmlns%3D&#39;http%3A%2F%2Fwww.w3.org%2F2000%2Fsvg&#39;%20width=&#39;780&#39;%20height=&#39;480&#39;%20viewBox%3D&#39;0%200%20780%20480&#39;%2F%3E\" data-czlz data-src=\"https:\/\/www.drzeyneltolgakayan.com\/wp-content\/uploads\/2024\/09\/goz-alti-dolgusu.jpg\" class=\"attachment-full size-full wp-image-1840\" alt=\"\" data-srcset=\"https:\/\/www.drzeyneltolgakayan.com\/wp-content\/uploads\/2024\/09\/goz-alti-dolgusu.jpg 780w, https:\/\/www.drzeyneltolgakayan.com\/wp-content\/uploads\/2024\/09\/goz-alti-dolgusu-300x185.jpg 300w, https:\/\/www.drzeyneltolgakayan.com\/wp-content\/uploads\/2024\/09\/goz-alti-dolgusu-768x473.jpg 768w, https:\/\/www.drzeyneltolgakayan.com\/wp-content\/uploads\/2024\/09\/goz-alti-dolgusu-600x369.jpg 600w\" data-sizes=\"(max-width: 780px) 100vw, 780px\" \/>\t\t\t\t\t\t\t\t\t\t\t\t\t<\/div>\n\t\t\t\t<\/div>\n\t\t\t\t\t<\/div>\n\t\t\t\t<\/div>\n\t\t\t\t<section class=\"elementor-section elementor-top-section elementor-element elementor-element-a78a25a elementor-section-boxed elementor-section-height-default elementor-section-height-default\" data-id=\"a78a25a\" data-element_type=\"section\">\n\t\t\t\t\t\t<div class=\"elementor-container elementor-column-gap-default\">\n\t\t\t\t\t<div class=\"elementor-column elementor-col-100 elementor-top-column elementor-element elementor-element-e11e8e8\" data-id=\"e11e8e8\" data-element_type=\"column\">\n\t\t\t<div class=\"elementor-widget-wrap elementor-element-populated\">\n\t\t\t\t\t\t<div class=\"elementor-element elementor-element-011ec08 elementor-widget elementor-widget-cz_gap\" data-id=\"011ec08\" data-element_type=\"widget\" data-widget_type=\"cz_gap.default\">\n\t\t\t\t<div class=\"elementor-widget-container\">\n\t\t\t<div class=\"cz_gap clr\"><\/div>\t\t<\/div>\n\t\t\t\t<\/div>\n\t\t\t\t<div class=\"elementor-element elementor-element-a206d1f elementor-widget elementor-widget-cz_title\" data-id=\"a206d1f\" data-element_type=\"widget\" data-widget_type=\"cz_title.default\">\n\t\t\t\t<div class=\"elementor-widget-container\">\n\t\t\t\t\r\n\t\t<div>\r\n\t\t\t<div class=\"cz_title clr cz_mobile_text_center cz_title_pos_inline\"><div class=\"cz_title_content\"><div class=\"cz_wpe_content\"><h3>Full Face Gen\u00e7lik A\u015f\u0131s\u0131 Nedir?<\/h3><p>Full Face Gen\u00e7lik A\u015f\u0131s\u0131, cildin genel gen\u00e7le\u015fmesini sa\u011flayan ve t\u00fcm y\u00fcze uygulanan etkili bir anti-aging tedavisidir. Bu uygulama, cildin derin katmanlar\u0131na n\u00fcfuz ederek kolajen ve elastin \u00fcretimini art\u0131r\u0131r, cildin s\u0131k\u0131l\u0131\u011f\u0131n\u0131 ve nem dengesini geri kazand\u0131r\u0131r. Y\u00fcz\u00fcn farkl\u0131 b\u00f6lgelerine \u00f6zel i\u00e7eriklerle yap\u0131lan bu a\u015f\u0131, ince \u00e7izgilerin ve k\u0131r\u0131\u015f\u0131kl\u0131klar\u0131n g\u00f6r\u00fcn\u00fcm\u00fcn\u00fc azalt\u0131rken, cilt tonunu e\u015fitleyerek daha canl\u0131 ve parlak bir g\u00f6r\u00fcn\u00fcm kazand\u0131r\u0131r.<\/p><h3>Full Face Gen\u00e7lik A\u015f\u0131s\u0131n\u0131n Faydalar\u0131<\/h3><ul><li><strong>Kapsaml\u0131 gen\u00e7le\u015fme:<\/strong> Yaln\u0131zca y\u00fcz\u00fcn bir b\u00f6l\u00fcm\u00fcne de\u011fil, t\u00fcm y\u00fcz\u00fc kapsayan bu uygulama, cildin genel g\u00f6r\u00fcn\u00fcm\u00fcn\u00fc iyile\u015ftirir.<\/li><li><strong>Kolajen ve elastin art\u0131\u015f\u0131:<\/strong> Cildin yap\u0131 ta\u015flar\u0131 olan kolajen ve elastin \u00fcretimini art\u0131rarak, s\u0131k\u0131 ve esnek bir cilt sa\u011flar.<\/li><li><strong>\u0130nce \u00e7izgilerin giderilmesi:<\/strong> Y\u00fczdeki ince \u00e7izgiler ve k\u0131r\u0131\u015f\u0131kl\u0131klar azalt\u0131l\u0131r, daha gen\u00e7 bir g\u00f6r\u00fcn\u00fcm elde edilir.<\/li><li><strong>Nem dengesini geri kazand\u0131rma:<\/strong> Cildin derinlemesine nemlendirilmesi, cildin kuruluk kaynakl\u0131 ya\u015flanma belirtilerini ortadan kald\u0131r\u0131r.<\/li><li><strong>Do\u011fal ve parlak cilt:<\/strong> Full Face Gen\u00e7lik A\u015f\u0131s\u0131, cilt tonunu e\u015fitleyerek cildin do\u011fal \u0131\u015f\u0131lt\u0131s\u0131n\u0131 ve canl\u0131l\u0131\u011f\u0131n\u0131 geri kazand\u0131r\u0131r.<\/li><\/ul><h3>Full Face Gen\u00e7lik A\u015f\u0131s\u0131 Nas\u0131l Uygulan\u0131r?<\/h3><p>Full Face Gen\u00e7lik A\u015f\u0131s\u0131, cilt analizi sonras\u0131nda ki\u015fiye \u00f6zel olarak haz\u0131rlanan bir form\u00fcl ile uygulan\u0131r. Lokal anestezi alt\u0131nda yap\u0131lan bu i\u015flem, ince i\u011fneler yard\u0131m\u0131yla cildin farkl\u0131 katmanlar\u0131na enjekte edilir. Uygulama, cildin ihtiyac\u0131na g\u00f6re 30-60 dakika aras\u0131nda s\u00fcrer ve genellikle 3-4 seansl\u0131k bir tedavi s\u00fcreci \u00f6nerilir. \u0130\u015flem sonras\u0131 iyile\u015fme s\u00fcresi olduk\u00e7a k\u0131sad\u0131r ve hastalar g\u00fcnl\u00fck aktivitelerine h\u0131zl\u0131 bir \u015fekilde d\u00f6nebilirler.<\/p><h3>Full Face Gen\u00e7lik A\u015f\u0131s\u0131n\u0131n Etkisi Ne Kadar S\u00fcrer?<\/h3><p>Full Face Gen\u00e7lik A\u015f\u0131s\u0131, uygulamadan hemen sonra etkisini g\u00f6sterir ve ciltteki yenilenme s\u00fcreci 6-12 ay boyunca devam eder. Kolajen ve elastin \u00fcretimini art\u0131ran bu tedavi, uzun s\u00fcre kal\u0131c\u0131 sonu\u00e7lar sa\u011flar. \u0130htiyaca g\u00f6re d\u00fczenli seanslarla uygulama tekrarlanarak cilt gen\u00e7li\u011finin korunmas\u0131 sa\u011flanabilir.<\/p><h3>ZTK Klinik\u2019te Full Face Gen\u00e7lik A\u015f\u0131s\u0131<\/h3><p>ZTK Klinik, Full Face Gen\u00e7lik A\u015f\u0131s\u0131 uygulamalar\u0131nda uzman kadrosu ve modern teknolojileri ile cilt gen\u00e7le\u015ftirme \u00e7\u00f6z\u00fcmleri sunmaktad\u0131r. Y\u00fcz\u00fcn her b\u00f6lgesini hedef alan bu tedavi, ya\u015flanma belirtilerini hafifletmek ve cilde canl\u0131l\u0131k kazand\u0131rmak isteyenler i\u00e7in m\u00fckemmel bir se\u00e7enektir. Cildinizin gen\u00e7lik \u0131\u015f\u0131lt\u0131s\u0131n\u0131 geri kazanmak i\u00e7in ZTK Klinik\u2019in profesyonel hizmetlerinden yararlanmak \u00fczere bizimle ileti\u015fime ge\u00e7in.<\/p><\/div><\/div><\/div>\r\n\t\t<\/div>\r\n\t\t\r\n\t\t\t\t<\/div>\n\t\t\t\t<\/div>\n\t\t\t\t<div class=\"elementor-element elementor-element-d2ca8ed elementor-widget elementor-widget-cz_gap\" data-id=\"d2ca8ed\" data-element_type=\"widget\" data-widget_type=\"cz_gap.default\">\n\t\t\t\t<div class=\"elementor-widget-container\">\n\t\t\t<div class=\"cz_gap clr\"><\/div>\t\t<\/div>\n\t\t\t\t<\/div>\n\t\t\t\t\t<\/div>\n\t\t<\/div>\n\t\t\t\t\t<\/div>\n\t\t<\/section>\n\t\t\t\t<section class=\"elementor-section elementor-top-section elementor-element elementor-element-4781686 elementor-section-boxed elementor-section-height-default elementor-section-height-default\" data-id=\"4781686\" data-element_type=\"section\">\n\t\t\t\t\t\t<div class=\"elementor-container elementor-column-gap-default\">\n\t\t\t\t\t<div class=\"elementor-column elementor-col-100 elementor-top-column elementor-element elementor-element-e5563f8\" data-id=\"e5563f8\" data-element_type=\"column\">\n\t\t\t<div class=\"elementor-widget-wrap elementor-element-populated\">\n\t\t\t\t\t\t<section class=\"elementor-section elementor-inner-section elementor-element elementor-element-05f9794 elementor-section-boxed elementor-section-height-default elementor-section-height-default\" data-id=\"05f9794\" data-element_type=\"section\">\n\t\t\t\t\t\t<div class=\"elementor-container elementor-column-gap-default\">\n\t\t\t\t\t<div class=\"elementor-column elementor-col-50 elementor-inner-column elementor-element elementor-element-12c137e\" data-id=\"12c137e\" data-element_type=\"column\">\n\t\t\t<div class=\"elementor-widget-wrap elementor-element-populated\">\n\t\t\t\t\t\t<div class=\"elementor-element elementor-element-f0dad1c elementor-widget elementor-widget-cz_title\" data-id=\"f0dad1c\" data-element_type=\"widget\" data-widget_type=\"cz_title.default\">\n\t\t\t\t<div class=\"elementor-widget-container\">\n\t\t\t\t\r\n\t\t<div>\r\n\t\t\t<div class=\"cz_title clr cz_mobile_text_center cz_title_has_icon cz_title_pos_inline\"><div class=\"cz_title_content\"><i class=\"cz_title_icon_before fa czico-119-cross\"><\/i><div class=\"cz_wpe_content\"><h3><span style=\"font-size: 32px; color: #ffffff;\">DO YOU HAVE QUESTIONS?<\/span><\/h3>\n<span style=\"color: #d4d4d4;\">Get in touch now.<\/span><\/div><\/div><\/div>\r\n\t\t<\/div>\r\n\t\t\r\n\t\t\t\t<\/div>\n\t\t\t\t<\/div>\n\t\t\t\t\t<\/div>\n\t\t<\/div>\n\t\t\t\t<div class=\"elementor-column elementor-col-50 elementor-inner-column elementor-element elementor-element-ef8b1e1\" data-id=\"ef8b1e1\" data-element_type=\"column\">\n\t\t\t<div class=\"elementor-widget-wrap elementor-element-populated\">\n\t\t\t\t\t\t<div class=\"elementor-element elementor-element-dfc26f8 elementor-widget elementor-widget-cz_button\" data-id=\"dfc26f8\" data-element_type=\"widget\" data-widget_type=\"cz_button.default\">\n\t\t\t\t<div class=\"elementor-widget-container\">\n\t\t\t\t\t<div class=\"cz_btn_center\">\r\n\t\t\t<div>\r\n\t\t\t\t<a href=\"https:\/\/www.drzeyneltolgakayan.com\/en\/iletisim\/\" class=\"cz_btn cz_btn_txt_move_up cz_btn_zoom_in\">\r\n\r\n\t\t\t\t\t<span><i class=\"fa fa-angle-right\"><\/i>\t\t\t\t\t\t<strong>CONTACT\t\t\t\t\t\t\t\t\t\t\t\t\t<\/strong>\r\n\t\t\t\t\t\t\t\t\t\t\t<\/span>\r\n\r\n\t\t\t\t\t<b class=\"cz_btn_onhover\">\r\n\t\t\t\t\t\t<i class=\"fa fa-angle-right\"><\/i>\t\t\t\t\t\t<strong>\r\n\t\t\t\t\t\t\tCONTACT\t\t\t\t\t\t\t\t\t\t\t\t\t<\/strong>\r\n\t\t\t\t\t\t\t\t\t\t\t<\/b>\r\n\r\n\t\t\t\t<\/a>\r\n\t\t\t<\/div>\r\n\t\t<\/div> \t\t\t\t<\/div>\n\t\t\t\t<\/div>\n\t\t\t\t\t<\/div>\n\t\t<\/div>\n\t\t\t\t\t<\/div>\n\t\t<\/section>\n\t\t\t\t\t<\/div>\n\t\t<\/div>\n\t\t\t\t\t<\/div>\n\t\t<\/section>\n\t\t\t\t<\/div>","protected":false},"excerpt":{"rendered":"<p>FULL FACE GEN\u00c7L\u0130K A\u015eISI Full Face Gen\u00e7lik A\u015f\u0131s\u0131 Nedir? Full Face &#8230; <\/p>","protected":false},"author":1,"featured_media":1840,"parent":0,"menu_order":0,"comment_status":"closed","ping_status":"closed","template":"","meta":{"footnotes":""},"class_list":["post-1914","page","type-page","status-publish","has-post-thumbnail","hentry"],"_links":{"self":[{"href":"https:\/\/www.drzeyneltolgakayan.com\/en\/wp-json\/wp\/v2\/pages\/1914","targetHints":{"allow":["GET"]}}],"collection":[{"href":"https:\/\/www.drzeyneltolgakayan.com\/en\/wp-json\/wp\/v2\/pages"}],"about":[{"href":"https:\/\/www.drzeyneltolgakayan.com\/en\/wp-json\/wp\/v2\/types\/page"}],"author":[{"embeddable":true,"href":"https:\/\/www.drzeyneltolgakayan.com\/en\/wp-json\/wp\/v2\/users\/1"}],"replies":[{"embeddable":true,"href":"https:\/\/www.drzeyneltolgakayan.com\/en\/wp-json\/wp\/v2\/comments?post=1914"}],"version-history":[{"count":18,"href":"https:\/\/www.drzeyneltolgakayan.com\/en\/wp-json\/wp\/v2\/pages\/1914\/revisions"}],"predecessor-version":[{"id":2697,"href":"https:\/\/www.drzeyneltolgakayan.com\/en\/wp-json\/wp\/v2\/pages\/1914\/revisions\/2697"}],"wp:featuredmedia":[{"embeddable":true,"href":"https:\/\/www.drzeyneltolgakayan.com\/en\/wp-json\/wp\/v2\/media\/1840"}],"wp:attachment":[{"href":"https:\/\/www.drzeyneltolgakayan.com\/en\/wp-json\/wp\/v2\/media?parent=1914"}],"curies":[{"name":"wp","href":"https:\/\/api.w.org\/{rel}","templated":true}]}}