{"id":1918,"date":"2024-09-22T14:22:12","date_gmt":"2024-09-22T14:22:12","guid":{"rendered":"https:\/\/www.drzeyneltolgakayan.com\/?page_id=1918"},"modified":"2024-10-01T06:22:58","modified_gmt":"2024-10-01T06:22:58","slug":"prp-tedavisi","status":"publish","type":"page","link":"https:\/\/www.drzeyneltolgakayan.com\/en\/prp-tedavisi\/","title":{"rendered":"PRP THERAPY"},"content":{"rendered":"<div data-elementor-type=\"wp-page\" data-elementor-id=\"1918\" class=\"elementor elementor-1918\">\n\t\t\t\t\t\t<section class=\"elementor-section elementor-top-section elementor-element elementor-element-ad319a6 elementor-section-boxed elementor-section-height-default elementor-section-height-default\" data-id=\"ad319a6\" data-element_type=\"section\">\n\t\t\t\t\t\t<div class=\"elementor-container elementor-column-gap-default\">\n\t\t\t\t\t<div class=\"elementor-column elementor-col-100 elementor-top-column elementor-element elementor-element-33c5ea4\" data-id=\"33c5ea4\" data-element_type=\"column\">\n\t\t\t<div class=\"elementor-widget-wrap elementor-element-populated\">\n\t\t\t\t\t\t<div class=\"elementor-element elementor-element-ddba2c8 elementor-widget elementor-widget-cz_gap\" data-id=\"ddba2c8\" data-element_type=\"widget\" data-widget_type=\"cz_gap.default\">\n\t\t\t\t<div class=\"elementor-widget-container\">\n\t\t\t<div class=\"cz_gap clr\"><\/div>\t\t<\/div>\n\t\t\t\t<\/div>\n\t\t\t\t<div class=\"elementor-element elementor-element-9a5350e elementor-widget elementor-widget-cz_title\" data-id=\"9a5350e\" data-element_type=\"widget\" data-widget_type=\"cz_title.default\">\n\t\t\t\t<div class=\"elementor-widget-container\">\n\t\t\t\t\r\n\t\t<div>\r\n\t\t\t<div class=\"cz_title clr cz_title_pos_inline tac\"><div class=\"cz_title_shape shape_image cz_shape_1\"><img decoding=\"async\" width=\"150\" height=\"150\" src=\"data:image\/svg+xml,%3Csvg%20xmlns%3D&#39;http%3A%2F%2Fwww.w3.org%2F2000%2Fsvg&#39;%20width=&#39;150&#39;%20height=&#39;150&#39;%20viewBox%3D&#39;0%200%20150%20150&#39;%2F%3E\" data-czlz data-src=\"https:\/\/www.drzeyneltolgakayan.com\/wp-content\/uploads\/2024\/09\/icon1-150x150.png\" class=\"attachment-thumbnail size-thumbnail wp-image-2397\" alt=\"\" data-srcset=\"https:\/\/www.drzeyneltolgakayan.com\/wp-content\/uploads\/2024\/09\/icon1-150x150.png 150w, https:\/\/www.drzeyneltolgakayan.com\/wp-content\/uploads\/2024\/09\/icon1-300x300.png 300w, https:\/\/www.drzeyneltolgakayan.com\/wp-content\/uploads\/2024\/09\/icon1-100x100.png 100w, https:\/\/www.drzeyneltolgakayan.com\/wp-content\/uploads\/2024\/09\/icon1.png 512w\" data-sizes=\"(max-width: 150px) 100vw, 150px\" \/><\/div><div class=\"cz_title_content\"><div class=\"cz_wpe_content\"><h3 style=\"text-align: center;\"><span style=\"font-size: 48px;\"><strong>PRP THERAPY<\/strong><\/span><\/h3><\/div><\/div><\/div>\r\n\t\t<\/div>\r\n\t\t\r\n\t\t\t\t<\/div>\n\t\t\t\t<\/div>\n\t\t\t\t<div class=\"elementor-element elementor-element-76cbe86 elementor-widget elementor-widget-cz_gap\" data-id=\"76cbe86\" data-element_type=\"widget\" data-widget_type=\"cz_gap.default\">\n\t\t\t\t<div class=\"elementor-widget-container\">\n\t\t\t<div class=\"cz_gap clr\"><\/div>\t\t<\/div>\n\t\t\t\t<\/div>\n\t\t\t\t\t<\/div>\n\t\t<\/div>\n\t\t\t\t\t<\/div>\n\t\t<\/section>\n\t\t<div class=\"elementor-element elementor-element-7409abd e-flex e-con-boxed e-con e-parent\" data-id=\"7409abd\" data-element_type=\"container\">\n\t\t\t\t\t<div class=\"e-con-inner\">\n\t\t\t\t<div class=\"elementor-element elementor-element-d3a53b9 elementor-widget elementor-widget-image\" data-id=\"d3a53b9\" data-element_type=\"widget\" data-widget_type=\"image.default\">\n\t\t\t\t<div class=\"elementor-widget-container\">\n\t\t\t\t\t\t\t\t\t\t\t\t\t<img fetchpriority=\"high\" decoding=\"async\" width=\"780\" height=\"480\" src=\"data:image\/svg+xml,%3Csvg%20xmlns%3D&#39;http%3A%2F%2Fwww.w3.org%2F2000%2Fsvg&#39;%20width=&#39;780&#39;%20height=&#39;480&#39;%20viewBox%3D&#39;0%200%20780%20480&#39;%2F%3E\" data-czlz data-src=\"https:\/\/www.drzeyneltolgakayan.com\/wp-content\/uploads\/2024\/09\/prp-tedavisi.jpg\" class=\"attachment-full size-full wp-image-1853\" alt=\"\" data-srcset=\"https:\/\/www.drzeyneltolgakayan.com\/wp-content\/uploads\/2024\/09\/prp-tedavisi.jpg 780w, https:\/\/www.drzeyneltolgakayan.com\/wp-content\/uploads\/2024\/09\/prp-tedavisi-300x185.jpg 300w, https:\/\/www.drzeyneltolgakayan.com\/wp-content\/uploads\/2024\/09\/prp-tedavisi-768x473.jpg 768w, https:\/\/www.drzeyneltolgakayan.com\/wp-content\/uploads\/2024\/09\/prp-tedavisi-600x369.jpg 600w\" data-sizes=\"(max-width: 780px) 100vw, 780px\" \/>\t\t\t\t\t\t\t\t\t\t\t\t\t<\/div>\n\t\t\t\t<\/div>\n\t\t\t\t\t<\/div>\n\t\t\t\t<\/div>\n\t\t\t\t<section class=\"elementor-section elementor-top-section elementor-element elementor-element-a78a25a elementor-section-boxed elementor-section-height-default elementor-section-height-default\" data-id=\"a78a25a\" data-element_type=\"section\">\n\t\t\t\t\t\t<div class=\"elementor-container elementor-column-gap-default\">\n\t\t\t\t\t<div class=\"elementor-column elementor-col-100 elementor-top-column elementor-element elementor-element-e11e8e8\" data-id=\"e11e8e8\" data-element_type=\"column\">\n\t\t\t<div class=\"elementor-widget-wrap elementor-element-populated\">\n\t\t\t\t\t\t<div class=\"elementor-element elementor-element-011ec08 elementor-widget elementor-widget-cz_gap\" data-id=\"011ec08\" data-element_type=\"widget\" data-widget_type=\"cz_gap.default\">\n\t\t\t\t<div class=\"elementor-widget-container\">\n\t\t\t<div class=\"cz_gap clr\"><\/div>\t\t<\/div>\n\t\t\t\t<\/div>\n\t\t\t\t<div class=\"elementor-element elementor-element-a206d1f elementor-widget elementor-widget-cz_title\" data-id=\"a206d1f\" data-element_type=\"widget\" data-widget_type=\"cz_title.default\">\n\t\t\t\t<div class=\"elementor-widget-container\">\n\t\t\t\t\r\n\t\t<div>\r\n\t\t\t<div class=\"cz_title clr cz_mobile_text_center cz_title_pos_inline\"><div class=\"cz_title_content\"><div class=\"cz_wpe_content\"><h3>PRP Tedavisi Nedir?<\/h3><p>PRP (Platelet Rich Plasma), ki\u015finin kendi kan\u0131ndan elde edilen, trombosit a\u00e7\u0131s\u0131ndan zengin plazman\u0131n cilt alt\u0131na enjekte edilmesiyle uygulanan bir tedavi y\u00f6ntemidir. PRP tedavisi, cilt gen\u00e7le\u015ftirme, sa\u00e7 d\u00f6k\u00fclmesi, yara izlerinin iyile\u015ftirilmesi gibi bir\u00e7ok farkl\u0131 alanda kullan\u0131l\u0131r. Trombositler, v\u00fccutta do\u011fal iyile\u015fme s\u00fcrecini tetikleyen b\u00fcy\u00fcme fakt\u00f6rleri i\u00e7erir. Bu sayede, cildin kendini yenilemesi, kolajen \u00fcretiminin artmas\u0131 ve cildin gen\u00e7le\u015fmesi sa\u011flan\u0131r.<\/p><h3>PRP Tedavisinin Faydalar\u0131<\/h3><ul><li><strong>Skin rejuvenation:<\/strong> PRP, cildin do\u011fal yenilenme s\u00fcrecini h\u0131zland\u0131rarak daha s\u0131k\u0131, p\u00fcr\u00fczs\u00fcz ve gen\u00e7 bir cilt g\u00f6r\u00fcn\u00fcm\u00fc sunar.<\/li><li><strong>K\u0131r\u0131\u015f\u0131kl\u0131klar\u0131n azalmas\u0131:<\/strong> \u0130nce \u00e7izgiler ve k\u0131r\u0131\u015f\u0131kl\u0131klar\u0131n g\u00f6r\u00fcn\u00fcm\u00fcn\u00fc azaltarak cildin gen\u00e7le\u015fmesine yard\u0131mc\u0131 olur.<\/li><li><strong>Kolajen \u00fcretimini art\u0131rma:<\/strong> PRP, ciltteki kolajen seviyelerini art\u0131rarak elastikiyeti ve dolgunlu\u011fu geri kazand\u0131r\u0131r.<\/li><li><strong>Do\u011fal iyile\u015fme:<\/strong> Kendi kan\u0131n\u0131z kullan\u0131ld\u0131\u011f\u0131 i\u00e7in alerji riski yoktur ve tamamen do\u011fal bir tedavi y\u00f6ntemidir.<\/li><li><strong>Sa\u00e7 d\u00f6k\u00fclmesini \u00f6nleme:<\/strong> Sa\u00e7 derisine uyguland\u0131\u011f\u0131nda sa\u00e7 k\u00f6klerini g\u00fc\u00e7lendirerek sa\u00e7 d\u00f6k\u00fclmesini durdurur ve sa\u00e7lar\u0131n yeniden \u00e7\u0131kmas\u0131n\u0131 destekler.<\/li><li><strong>Yara ve akne izlerinin iyile\u015ftirilmesi:<\/strong> PRP tedavisi, ciltteki yara ve akne izlerinin g\u00f6r\u00fcn\u00fcm\u00fcn\u00fc hafifletir ve iyile\u015fme s\u00fcrecini h\u0131zland\u0131r\u0131r.<\/li><\/ul><h3>PRP Tedavisi Nas\u0131l Uygulan\u0131r?<\/h3><p>PRP tedavisi, hastan\u0131n kendi kan\u0131n\u0131n al\u0131nmas\u0131yla ba\u015flar. Al\u0131nan kan, \u00f6zel bir i\u015flemle trombositten zengin plazman\u0131n ayr\u0131\u015ft\u0131r\u0131lmas\u0131 i\u00e7in santrif\u00fcj edilir. Elde edilen bu plazma, cilt alt\u0131na k\u00fc\u00e7\u00fck i\u011fneler yard\u0131m\u0131yla enjekte edilir. Tedavi s\u00fcresi genellikle 30-45 dakika s\u00fcrer ve i\u015flem sonras\u0131nda g\u00fcnl\u00fck aktivitelere d\u00f6nmek m\u00fcmk\u00fcnd\u00fcr. Uygulama s\u0131kl\u0131\u011f\u0131 ise ki\u015finin cilt yap\u0131s\u0131na ve tedavi hedeflerine g\u00f6re de\u011fi\u015fiklik g\u00f6sterebilir; genellikle 3-4 seans \u00f6nerilir.<\/p><h3>PRP Tedavisinin Etkisi Ne Kadar S\u00fcrer?<\/h3><p>PRP tedavisi, birka\u00e7 hafta i\u00e7inde etkisini g\u00f6stermeye ba\u015flar ve tam sonu\u00e7lar 3-6 ay boyunca geli\u015fmeye devam eder. Tedavinin etkileri uzun s\u00fcre kal\u0131c\u0131d\u0131r, ancak optimal sonu\u00e7lar i\u00e7in belirli aral\u0131klarla tekrar yap\u0131lmas\u0131 \u00f6nerilir.<\/p><h3>ZTK Klinik\u2019te PRP Tedavisi<\/h3><p>ZTK Klinik, PRP tedavisinde uzman bir ekip ile ki\u015fiye \u00f6zel \u00e7\u00f6z\u00fcmler sunmaktad\u0131r. Cildinizi do\u011fal yollarla gen\u00e7le\u015ftirmek, sa\u00e7 d\u00f6k\u00fclmesini \u00f6nlemek ve cilt sa\u011fl\u0131\u011f\u0131n\u0131z\u0131 iyile\u015ftirmek i\u00e7in ZTK Klinik\u2019in profesyonel PRP tedavi hizmetlerinden faydalanabilirsiniz.<\/p><\/div><\/div><\/div>\r\n\t\t<\/div>\r\n\t\t\r\n\t\t\t\t<\/div>\n\t\t\t\t<\/div>\n\t\t\t\t<div class=\"elementor-element elementor-element-d2ca8ed elementor-widget elementor-widget-cz_gap\" data-id=\"d2ca8ed\" data-element_type=\"widget\" data-widget_type=\"cz_gap.default\">\n\t\t\t\t<div class=\"elementor-widget-container\">\n\t\t\t<div class=\"cz_gap clr\"><\/div>\t\t<\/div>\n\t\t\t\t<\/div>\n\t\t\t\t\t<\/div>\n\t\t<\/div>\n\t\t\t\t\t<\/div>\n\t\t<\/section>\n\t\t\t\t<section class=\"elementor-section elementor-top-section elementor-element elementor-element-3b9424b elementor-section-boxed elementor-section-height-default elementor-section-height-default\" data-id=\"3b9424b\" data-element_type=\"section\">\n\t\t\t\t\t\t<div class=\"elementor-container elementor-column-gap-default\">\n\t\t\t\t\t<div class=\"elementor-column elementor-col-100 elementor-top-column elementor-element elementor-element-dcaf2b3\" data-id=\"dcaf2b3\" data-element_type=\"column\">\n\t\t\t<div class=\"elementor-widget-wrap elementor-element-populated\">\n\t\t\t\t\t\t<section class=\"elementor-section elementor-inner-section elementor-element elementor-element-6b70dc2 elementor-section-boxed elementor-section-height-default elementor-section-height-default\" data-id=\"6b70dc2\" data-element_type=\"section\">\n\t\t\t\t\t\t<div class=\"elementor-container elementor-column-gap-default\">\n\t\t\t\t\t<div class=\"elementor-column elementor-col-50 elementor-inner-column elementor-element elementor-element-77ab196\" data-id=\"77ab196\" data-element_type=\"column\">\n\t\t\t<div class=\"elementor-widget-wrap elementor-element-populated\">\n\t\t\t\t\t\t<div class=\"elementor-element elementor-element-bccaf54 elementor-widget elementor-widget-cz_title\" data-id=\"bccaf54\" data-element_type=\"widget\" data-widget_type=\"cz_title.default\">\n\t\t\t\t<div class=\"elementor-widget-container\">\n\t\t\t\t\r\n\t\t<div>\r\n\t\t\t<div class=\"cz_title clr cz_mobile_text_center cz_title_has_icon cz_title_pos_inline\"><div class=\"cz_title_content\"><i class=\"cz_title_icon_before fa czico-119-cross\"><\/i><div class=\"cz_wpe_content\"><h3><span style=\"font-size: 32px; color: #ffffff;\">DO YOU HAVE QUESTIONS?<\/span><\/h3>\n<span style=\"color: #d4d4d4;\">Get in touch now.<\/span><\/div><\/div><\/div>\r\n\t\t<\/div>\r\n\t\t\r\n\t\t\t\t<\/div>\n\t\t\t\t<\/div>\n\t\t\t\t\t<\/div>\n\t\t<\/div>\n\t\t\t\t<div class=\"elementor-column elementor-col-50 elementor-inner-column elementor-element elementor-element-a6721cd\" data-id=\"a6721cd\" data-element_type=\"column\">\n\t\t\t<div class=\"elementor-widget-wrap elementor-element-populated\">\n\t\t\t\t\t\t<div class=\"elementor-element elementor-element-d3f2779 elementor-widget elementor-widget-cz_button\" data-id=\"d3f2779\" data-element_type=\"widget\" data-widget_type=\"cz_button.default\">\n\t\t\t\t<div class=\"elementor-widget-container\">\n\t\t\t\t\t<div class=\"cz_btn_center\">\r\n\t\t\t<div>\r\n\t\t\t\t<a href=\"https:\/\/www.drzeyneltolgakayan.com\/en\/iletisim\/\" class=\"cz_btn cz_btn_txt_move_up cz_btn_zoom_in\">\r\n\r\n\t\t\t\t\t<span><i class=\"fa fa-angle-right\"><\/i>\t\t\t\t\t\t<strong>CONTACT\t\t\t\t\t\t\t\t\t\t\t\t\t<\/strong>\r\n\t\t\t\t\t\t\t\t\t\t\t<\/span>\r\n\r\n\t\t\t\t\t<b class=\"cz_btn_onhover\">\r\n\t\t\t\t\t\t<i class=\"fa fa-angle-right\"><\/i>\t\t\t\t\t\t<strong>\r\n\t\t\t\t\t\t\tCONTACT\t\t\t\t\t\t\t\t\t\t\t\t\t<\/strong>\r\n\t\t\t\t\t\t\t\t\t\t\t<\/b>\r\n\r\n\t\t\t\t<\/a>\r\n\t\t\t<\/div>\r\n\t\t<\/div> \t\t\t\t<\/div>\n\t\t\t\t<\/div>\n\t\t\t\t\t<\/div>\n\t\t<\/div>\n\t\t\t\t\t<\/div>\n\t\t<\/section>\n\t\t\t\t\t<\/div>\n\t\t<\/div>\n\t\t\t\t\t<\/div>\n\t\t<\/section>\n\t\t\t\t<\/div>","protected":false},"excerpt":{"rendered":"<p>PRP TEDAV\u0130S\u0130 PRP Tedavisi Nedir? PRP (Platelet Rich Plasma), ki\u015finin kendi &#8230; <\/p>","protected":false},"author":1,"featured_media":1853,"parent":0,"menu_order":0,"comment_status":"closed","ping_status":"closed","template":"","meta":{"footnotes":""},"class_list":["post-1918","page","type-page","status-publish","has-post-thumbnail","hentry"],"_links":{"self":[{"href":"https:\/\/www.drzeyneltolgakayan.com\/en\/wp-json\/wp\/v2\/pages\/1918","targetHints":{"allow":["GET"]}}],"collection":[{"href":"https:\/\/www.drzeyneltolgakayan.com\/en\/wp-json\/wp\/v2\/pages"}],"about":[{"href":"https:\/\/www.drzeyneltolgakayan.com\/en\/wp-json\/wp\/v2\/types\/page"}],"author":[{"embeddable":true,"href":"https:\/\/www.drzeyneltolgakayan.com\/en\/wp-json\/wp\/v2\/users\/1"}],"replies":[{"embeddable":true,"href":"https:\/\/www.drzeyneltolgakayan.com\/en\/wp-json\/wp\/v2\/comments?post=1918"}],"version-history":[{"count":15,"href":"https:\/\/www.drzeyneltolgakayan.com\/en\/wp-json\/wp\/v2\/pages\/1918\/revisions"}],"predecessor-version":[{"id":2750,"href":"https:\/\/www.drzeyneltolgakayan.com\/en\/wp-json\/wp\/v2\/pages\/1918\/revisions\/2750"}],"wp:featuredmedia":[{"embeddable":true,"href":"https:\/\/www.drzeyneltolgakayan.com\/en\/wp-json\/wp\/v2\/media\/1853"}],"wp:attachment":[{"href":"https:\/\/www.drzeyneltolgakayan.com\/en\/wp-json\/wp\/v2\/media?parent=1918"}],"curies":[{"name":"wp","href":"https:\/\/api.w.org\/{rel}","templated":true}]}}