{"id":1920,"date":"2024-09-22T14:22:17","date_gmt":"2024-09-22T14:22:17","guid":{"rendered":"https:\/\/www.drzeyneltolgakayan.com\/?page_id=1920"},"modified":"2024-09-25T07:59:06","modified_gmt":"2024-09-25T07:59:06","slug":"yara-izi-tedavisi","status":"publish","type":"page","link":"https:\/\/www.drzeyneltolgakayan.com\/en\/yara-izi-tedavisi\/","title":{"rendered":"SCAR TREATMENT"},"content":{"rendered":"<div data-elementor-type=\"wp-page\" data-elementor-id=\"1920\" class=\"elementor elementor-1920\">\n\t\t\t\t\t\t<section class=\"elementor-section elementor-top-section elementor-element elementor-element-ad319a6 elementor-section-boxed elementor-section-height-default elementor-section-height-default\" data-id=\"ad319a6\" data-element_type=\"section\">\n\t\t\t\t\t\t<div class=\"elementor-container elementor-column-gap-default\">\n\t\t\t\t\t<div class=\"elementor-column elementor-col-100 elementor-top-column elementor-element elementor-element-33c5ea4\" data-id=\"33c5ea4\" data-element_type=\"column\">\n\t\t\t<div class=\"elementor-widget-wrap elementor-element-populated\">\n\t\t\t\t\t\t<div class=\"elementor-element elementor-element-ddba2c8 elementor-widget elementor-widget-cz_gap\" data-id=\"ddba2c8\" data-element_type=\"widget\" data-widget_type=\"cz_gap.default\">\n\t\t\t\t<div class=\"elementor-widget-container\">\n\t\t\t<div class=\"cz_gap clr\"><\/div>\t\t<\/div>\n\t\t\t\t<\/div>\n\t\t\t\t<div class=\"elementor-element elementor-element-9a5350e elementor-widget elementor-widget-cz_title\" data-id=\"9a5350e\" data-element_type=\"widget\" data-widget_type=\"cz_title.default\">\n\t\t\t\t<div class=\"elementor-widget-container\">\n\t\t\t\t\r\n\t\t<div>\r\n\t\t\t<div class=\"cz_title clr cz_title_pos_inline tac\"><div class=\"cz_title_shape shape_image cz_shape_1\"><img decoding=\"async\" width=\"150\" height=\"150\" src=\"data:image\/svg+xml,%3Csvg%20xmlns%3D&#39;http%3A%2F%2Fwww.w3.org%2F2000%2Fsvg&#39;%20width=&#39;150&#39;%20height=&#39;150&#39;%20viewBox%3D&#39;0%200%20150%20150&#39;%2F%3E\" data-czlz data-src=\"https:\/\/www.drzeyneltolgakayan.com\/wp-content\/uploads\/2024\/09\/icon1-150x150.png\" class=\"attachment-thumbnail size-thumbnail wp-image-2397\" alt=\"\" data-srcset=\"https:\/\/www.drzeyneltolgakayan.com\/wp-content\/uploads\/2024\/09\/icon1-150x150.png 150w, https:\/\/www.drzeyneltolgakayan.com\/wp-content\/uploads\/2024\/09\/icon1-300x300.png 300w, https:\/\/www.drzeyneltolgakayan.com\/wp-content\/uploads\/2024\/09\/icon1-100x100.png 100w, https:\/\/www.drzeyneltolgakayan.com\/wp-content\/uploads\/2024\/09\/icon1.png 512w\" data-sizes=\"(max-width: 150px) 100vw, 150px\" \/><\/div><div class=\"cz_title_content\"><div class=\"cz_wpe_content\"><h3 style=\"text-align: center;\"><span style=\"font-size: 48px;\"><strong>SCAR TREATMENT<\/strong><\/span><\/h3><\/div><\/div><\/div>\r\n\t\t<\/div>\r\n\t\t\r\n\t\t\t\t<\/div>\n\t\t\t\t<\/div>\n\t\t\t\t<div class=\"elementor-element elementor-element-76cbe86 elementor-widget elementor-widget-cz_gap\" data-id=\"76cbe86\" data-element_type=\"widget\" data-widget_type=\"cz_gap.default\">\n\t\t\t\t<div class=\"elementor-widget-container\">\n\t\t\t<div class=\"cz_gap clr\"><\/div>\t\t<\/div>\n\t\t\t\t<\/div>\n\t\t\t\t\t<\/div>\n\t\t<\/div>\n\t\t\t\t\t<\/div>\n\t\t<\/section>\n\t\t<div class=\"elementor-element elementor-element-7409abd e-flex e-con-boxed e-con e-parent\" data-id=\"7409abd\" data-element_type=\"container\">\n\t\t\t\t\t<div class=\"e-con-inner\">\n\t\t\t\t<div class=\"elementor-element elementor-element-d3a53b9 elementor-widget elementor-widget-image\" data-id=\"d3a53b9\" data-element_type=\"widget\" data-widget_type=\"image.default\">\n\t\t\t\t<div class=\"elementor-widget-container\">\n\t\t\t\t\t\t\t\t\t\t\t\t\t<img fetchpriority=\"high\" decoding=\"async\" width=\"780\" height=\"480\" src=\"data:image\/svg+xml,%3Csvg%20xmlns%3D&#39;http%3A%2F%2Fwww.w3.org%2F2000%2Fsvg&#39;%20width=&#39;780&#39;%20height=&#39;480&#39;%20viewBox%3D&#39;0%200%20780%20480&#39;%2F%3E\" data-czlz data-src=\"https:\/\/www.drzeyneltolgakayan.com\/wp-content\/uploads\/2024\/09\/yara-izi-tedavisi.jpg\" class=\"attachment-full size-full wp-image-1859\" alt=\"\" data-srcset=\"https:\/\/www.drzeyneltolgakayan.com\/wp-content\/uploads\/2024\/09\/yara-izi-tedavisi.jpg 780w, https:\/\/www.drzeyneltolgakayan.com\/wp-content\/uploads\/2024\/09\/yara-izi-tedavisi-300x185.jpg 300w, https:\/\/www.drzeyneltolgakayan.com\/wp-content\/uploads\/2024\/09\/yara-izi-tedavisi-768x473.jpg 768w, https:\/\/www.drzeyneltolgakayan.com\/wp-content\/uploads\/2024\/09\/yara-izi-tedavisi-600x369.jpg 600w\" data-sizes=\"(max-width: 780px) 100vw, 780px\" \/>\t\t\t\t\t\t\t\t\t\t\t\t\t<\/div>\n\t\t\t\t<\/div>\n\t\t\t\t\t<\/div>\n\t\t\t\t<\/div>\n\t\t\t\t<section class=\"elementor-section elementor-top-section elementor-element elementor-element-a78a25a elementor-section-boxed elementor-section-height-default elementor-section-height-default\" data-id=\"a78a25a\" data-element_type=\"section\">\n\t\t\t\t\t\t<div class=\"elementor-container elementor-column-gap-default\">\n\t\t\t\t\t<div class=\"elementor-column elementor-col-100 elementor-top-column elementor-element elementor-element-e11e8e8\" data-id=\"e11e8e8\" data-element_type=\"column\">\n\t\t\t<div class=\"elementor-widget-wrap elementor-element-populated\">\n\t\t\t\t\t\t<div class=\"elementor-element elementor-element-011ec08 elementor-widget elementor-widget-cz_gap\" data-id=\"011ec08\" data-element_type=\"widget\" data-widget_type=\"cz_gap.default\">\n\t\t\t\t<div class=\"elementor-widget-container\">\n\t\t\t<div class=\"cz_gap clr\"><\/div>\t\t<\/div>\n\t\t\t\t<\/div>\n\t\t\t\t<div class=\"elementor-element elementor-element-a206d1f elementor-widget elementor-widget-cz_title\" data-id=\"a206d1f\" data-element_type=\"widget\" data-widget_type=\"cz_title.default\">\n\t\t\t\t<div class=\"elementor-widget-container\">\n\t\t\t\t\r\n\t\t<div>\r\n\t\t\t<div class=\"cz_title clr cz_mobile_text_center cz_title_pos_inline\"><div class=\"cz_title_content\"><div class=\"cz_wpe_content\"><h3>Yara \u0130zi Tedavisi Nedir?<\/h3><p>Yara izi tedavisi, ciltteki yaralanmalar, ameliyatlar veya akne gibi nedenlerle olu\u015fan izlerin g\u00f6r\u00fcn\u00fcm\u00fcn\u00fc azaltmak veya tamamen yok etmek amac\u0131yla uygulanan \u00e7e\u015fitli y\u00f6ntemleri kapsar. Yara izleri, ki\u015finin estetik kayg\u0131lar\u0131na neden olabilece\u011fi gibi, psikolojik etkileri de beraberinde getirebilir. ZTK Klinik, ki\u015fiye \u00f6zel tedavi planlar\u0131 ile yara izlerinin etkili bir \u015fekilde tedavi edilmesini sa\u011flamaktad\u0131r.<\/p><h3>Yara \u0130zi Tedavisinin Faydalar\u0131 Nelerdir?<\/h3><ul><li><strong>G\u00f6r\u00fcn\u00fcm\u00fcn iyile\u015ftirilmesi:<\/strong> Uygulanan tedavi y\u00f6ntemleri, yara izlerinin g\u00f6r\u00fcn\u00fcm\u00fcn\u00fc azaltarak cildin daha p\u00fcr\u00fczs\u00fcz ve homojen bir hale gelmesini sa\u011flar.<\/li><li><strong>Ki\u015fisel \u00f6zg\u00fcven art\u0131\u015f\u0131:<\/strong> Yara izlerinin azalmas\u0131, bireylerin \u00f6zg\u00fcvenini art\u0131rarak sosyal hayatlar\u0131na olumlu katk\u0131 sa\u011flar.<\/li><li><strong>Cilt sa\u011fl\u0131\u011f\u0131n\u0131n desteklenmesi:<\/strong> Tedavi s\u00fcrecinde cildin yenilenmesi ve onar\u0131lmas\u0131 te\u015fvik edilir.<\/li><li><strong>Farkl\u0131 tedavi se\u00e7enekleri:<\/strong> Her bireyin durumu farkl\u0131 oldu\u011fundan, ki\u015fiye \u00f6zel tedavi y\u00f6ntemleri sunulmaktad\u0131r.<\/li><\/ul><h3>Yara \u0130zi Tedavi Y\u00f6ntemleri<\/h3><p>ZTK Klinik\u2019te yara izi tedavisi i\u00e7in kullan\u0131lan baz\u0131 y\u00f6ntemler \u015funlard\u0131r:<\/p><ol><li><p><strong>Lazer Tedavisi:<\/strong> Lazer teknolojisi kullan\u0131larak ciltteki yara izlerinin hedeflenmesi ve onar\u0131lmas\u0131 sa\u011flan\u0131r. Lazer tedavisi, hem y\u00fczeysel hem de derin yara izleri i\u00e7in etkili bir y\u00f6ntemdir.<\/p><\/li><li><p><strong>Mikro \u0130\u011fneleme:<\/strong> Ciltte mikro kanallar a\u00e7arak kolajen \u00fcretimini art\u0131r\u0131r ve yara izlerinin g\u00f6r\u00fcn\u00fcm\u00fcn\u00fc azalt\u0131r.<\/p><\/li><li><p><strong>Kimyasal Peeling:<\/strong> Cilt y\u00fczeyindeki \u00f6l\u00fc h\u00fccrelerin temizlenmesi ve yenilenmesi i\u00e7in asidik \u00e7\u00f6zeltilerin kullan\u0131lmas\u0131d\u0131r. Bu y\u00f6ntem, y\u00fczeysel izlerin iyile\u015fmesine yard\u0131mc\u0131 olur.<\/p><\/li><li><p><strong>Dolgu Enjeksiyonlar\u0131:<\/strong> Derin yara izlerinin g\u00f6r\u00fcn\u00fcm\u00fcn\u00fc d\u00fczeltmek i\u00e7in dolgu maddeleri kullan\u0131larak hacim kazand\u0131r\u0131l\u0131r.<\/p><\/li><li><p><strong>PRP (Platelet Rich Plasma) Tedavisi:<\/strong> Ki\u015finin kendi kan\u0131ndan elde edilen plazman\u0131n cilt alt\u0131na enjekte edilmesi ile cildin yenilenmesi ve yara izlerinin g\u00f6r\u00fcn\u00fcm\u00fcn\u00fcn azalt\u0131lmas\u0131 sa\u011flan\u0131r.<\/p><\/li><\/ol><h3>ZTK Klinik\u2019te Yara \u0130zi Tedavisi<\/h3><p>ZTK Klinik, yara izi tedavisinde uzman ekibi ve modern y\u00f6ntemleri ile kaliteli hizmet sunmaktad\u0131r. Yara izlerinizi azaltmak ve cildinizi yeniden canland\u0131rmak i\u00e7in ZTK Klinik\u2019in profesyonel hizmetlerinden faydalanabilirsiniz. Yara izi tedavisi i\u00e7in randevu almak \u00fczere bizimle ileti\u015fime ge\u00e7meyi unutmay\u0131n.<\/p><\/div><\/div><\/div>\r\n\t\t<\/div>\r\n\t\t\r\n\t\t\t\t<\/div>\n\t\t\t\t<\/div>\n\t\t\t\t<div class=\"elementor-element elementor-element-d2ca8ed elementor-widget elementor-widget-cz_gap\" data-id=\"d2ca8ed\" data-element_type=\"widget\" data-widget_type=\"cz_gap.default\">\n\t\t\t\t<div class=\"elementor-widget-container\">\n\t\t\t<div class=\"cz_gap clr\"><\/div>\t\t<\/div>\n\t\t\t\t<\/div>\n\t\t\t\t\t<\/div>\n\t\t<\/div>\n\t\t\t\t\t<\/div>\n\t\t<\/section>\n\t\t\t\t<section class=\"elementor-section elementor-top-section elementor-element elementor-element-3f74a8f elementor-section-boxed elementor-section-height-default elementor-section-height-default\" data-id=\"3f74a8f\" data-element_type=\"section\">\n\t\t\t\t\t\t<div class=\"elementor-container elementor-column-gap-default\">\n\t\t\t\t\t<div class=\"elementor-column elementor-col-100 elementor-top-column elementor-element elementor-element-d5aaaf4\" data-id=\"d5aaaf4\" data-element_type=\"column\">\n\t\t\t<div class=\"elementor-widget-wrap elementor-element-populated\">\n\t\t\t\t\t\t<section class=\"elementor-section elementor-inner-section elementor-element elementor-element-2135339 elementor-section-boxed elementor-section-height-default elementor-section-height-default\" data-id=\"2135339\" data-element_type=\"section\">\n\t\t\t\t\t\t<div class=\"elementor-container elementor-column-gap-default\">\n\t\t\t\t\t<div class=\"elementor-column elementor-col-50 elementor-inner-column elementor-element elementor-element-5480d74\" data-id=\"5480d74\" data-element_type=\"column\">\n\t\t\t<div class=\"elementor-widget-wrap elementor-element-populated\">\n\t\t\t\t\t\t<div class=\"elementor-element elementor-element-5e9e325 elementor-widget elementor-widget-cz_title\" data-id=\"5e9e325\" data-element_type=\"widget\" data-widget_type=\"cz_title.default\">\n\t\t\t\t<div class=\"elementor-widget-container\">\n\t\t\t\t\r\n\t\t<div>\r\n\t\t\t<div class=\"cz_title clr cz_mobile_text_center cz_title_has_icon cz_title_pos_inline\"><div class=\"cz_title_content\"><i class=\"cz_title_icon_before fa czico-119-cross\"><\/i><div class=\"cz_wpe_content\"><h3><span style=\"font-size: 32px; color: #ffffff;\">DO YOU HAVE QUESTIONS?<\/span><\/h3>\n<span style=\"color: #d4d4d4;\">Get in touch now.<\/span><\/div><\/div><\/div>\r\n\t\t<\/div>\r\n\t\t\r\n\t\t\t\t<\/div>\n\t\t\t\t<\/div>\n\t\t\t\t\t<\/div>\n\t\t<\/div>\n\t\t\t\t<div class=\"elementor-column elementor-col-50 elementor-inner-column elementor-element elementor-element-30bbf87\" data-id=\"30bbf87\" data-element_type=\"column\">\n\t\t\t<div class=\"elementor-widget-wrap elementor-element-populated\">\n\t\t\t\t\t\t<div class=\"elementor-element elementor-element-d4e4b97 elementor-widget elementor-widget-cz_button\" data-id=\"d4e4b97\" data-element_type=\"widget\" data-widget_type=\"cz_button.default\">\n\t\t\t\t<div class=\"elementor-widget-container\">\n\t\t\t\t\t<div class=\"cz_btn_center\">\r\n\t\t\t<div>\r\n\t\t\t\t<a href=\"https:\/\/www.drzeyneltolgakayan.com\/en\/iletisim\/\" class=\"cz_btn cz_btn_txt_move_up cz_btn_zoom_in\">\r\n\r\n\t\t\t\t\t<span><i class=\"fa fa-angle-right\"><\/i>\t\t\t\t\t\t<strong>CONTACT\t\t\t\t\t\t\t\t\t\t\t\t\t<\/strong>\r\n\t\t\t\t\t\t\t\t\t\t\t<\/span>\r\n\r\n\t\t\t\t\t<b class=\"cz_btn_onhover\">\r\n\t\t\t\t\t\t<i class=\"fa fa-angle-right\"><\/i>\t\t\t\t\t\t<strong>\r\n\t\t\t\t\t\t\tCONTACT\t\t\t\t\t\t\t\t\t\t\t\t\t<\/strong>\r\n\t\t\t\t\t\t\t\t\t\t\t<\/b>\r\n\r\n\t\t\t\t<\/a>\r\n\t\t\t<\/div>\r\n\t\t<\/div> \t\t\t\t<\/div>\n\t\t\t\t<\/div>\n\t\t\t\t\t<\/div>\n\t\t<\/div>\n\t\t\t\t\t<\/div>\n\t\t<\/section>\n\t\t\t\t\t<\/div>\n\t\t<\/div>\n\t\t\t\t\t<\/div>\n\t\t<\/section>\n\t\t\t\t<\/div>","protected":false},"excerpt":{"rendered":"<p>YARA \u0130Z\u0130 TEDAV\u0130S\u0130 Yara \u0130zi Tedavisi Nedir? Yara izi tedavisi, ciltteki &#8230; <\/p>","protected":false},"author":1,"featured_media":1859,"parent":0,"menu_order":0,"comment_status":"closed","ping_status":"closed","template":"","meta":{"footnotes":""},"class_list":["post-1920","page","type-page","status-publish","has-post-thumbnail","hentry"],"_links":{"self":[{"href":"https:\/\/www.drzeyneltolgakayan.com\/en\/wp-json\/wp\/v2\/pages\/1920","targetHints":{"allow":["GET"]}}],"collection":[{"href":"https:\/\/www.drzeyneltolgakayan.com\/en\/wp-json\/wp\/v2\/pages"}],"about":[{"href":"https:\/\/www.drzeyneltolgakayan.com\/en\/wp-json\/wp\/v2\/types\/page"}],"author":[{"embeddable":true,"href":"https:\/\/www.drzeyneltolgakayan.com\/en\/wp-json\/wp\/v2\/users\/1"}],"replies":[{"embeddable":true,"href":"https:\/\/www.drzeyneltolgakayan.com\/en\/wp-json\/wp\/v2\/comments?post=1920"}],"version-history":[{"count":11,"href":"https:\/\/www.drzeyneltolgakayan.com\/en\/wp-json\/wp\/v2\/pages\/1920\/revisions"}],"predecessor-version":[{"id":2587,"href":"https:\/\/www.drzeyneltolgakayan.com\/en\/wp-json\/wp\/v2\/pages\/1920\/revisions\/2587"}],"wp:featuredmedia":[{"embeddable":true,"href":"https:\/\/www.drzeyneltolgakayan.com\/en\/wp-json\/wp\/v2\/media\/1859"}],"wp:attachment":[{"href":"https:\/\/www.drzeyneltolgakayan.com\/en\/wp-json\/wp\/v2\/media?parent=1920"}],"curies":[{"name":"wp","href":"https:\/\/api.w.org\/{rel}","templated":true}]}}