{"id":1930,"date":"2024-09-22T14:22:59","date_gmt":"2024-09-22T14:22:59","guid":{"rendered":"https:\/\/www.drzeyneltolgakayan.com\/?page_id=1930"},"modified":"2024-09-25T07:47:13","modified_gmt":"2024-09-25T07:47:13","slug":"kirisiklik-tedavisi","status":"publish","type":"page","link":"https:\/\/www.drzeyneltolgakayan.com\/en\/kirisiklik-tedavisi\/","title":{"rendered":"WRINKLE TREATMENT"},"content":{"rendered":"<div data-elementor-type=\"wp-page\" data-elementor-id=\"1930\" class=\"elementor elementor-1930\">\n\t\t\t\t\t\t<section class=\"elementor-section elementor-top-section elementor-element elementor-element-ad319a6 elementor-section-boxed elementor-section-height-default elementor-section-height-default\" data-id=\"ad319a6\" data-element_type=\"section\">\n\t\t\t\t\t\t<div class=\"elementor-container elementor-column-gap-default\">\n\t\t\t\t\t<div class=\"elementor-column elementor-col-100 elementor-top-column elementor-element elementor-element-33c5ea4\" data-id=\"33c5ea4\" data-element_type=\"column\">\n\t\t\t<div class=\"elementor-widget-wrap elementor-element-populated\">\n\t\t\t\t\t\t<div class=\"elementor-element elementor-element-ddba2c8 elementor-widget elementor-widget-cz_gap\" data-id=\"ddba2c8\" data-element_type=\"widget\" data-widget_type=\"cz_gap.default\">\n\t\t\t\t<div class=\"elementor-widget-container\">\n\t\t\t<div class=\"cz_gap clr\"><\/div>\t\t<\/div>\n\t\t\t\t<\/div>\n\t\t\t\t<div class=\"elementor-element elementor-element-9a5350e elementor-widget elementor-widget-cz_title\" data-id=\"9a5350e\" data-element_type=\"widget\" data-widget_type=\"cz_title.default\">\n\t\t\t\t<div class=\"elementor-widget-container\">\n\t\t\t\t\r\n\t\t<div>\r\n\t\t\t<div class=\"cz_title clr cz_title_pos_inline tac\"><div class=\"cz_title_shape shape_image cz_shape_1\"><img decoding=\"async\" width=\"150\" height=\"150\" src=\"data:image\/svg+xml,%3Csvg%20xmlns%3D&#39;http%3A%2F%2Fwww.w3.org%2F2000%2Fsvg&#39;%20width=&#39;150&#39;%20height=&#39;150&#39;%20viewBox%3D&#39;0%200%20150%20150&#39;%2F%3E\" data-czlz data-src=\"https:\/\/www.drzeyneltolgakayan.com\/wp-content\/uploads\/2024\/09\/icon1-150x150.png\" class=\"attachment-thumbnail size-thumbnail wp-image-2397\" alt=\"\" data-srcset=\"https:\/\/www.drzeyneltolgakayan.com\/wp-content\/uploads\/2024\/09\/icon1-150x150.png 150w, https:\/\/www.drzeyneltolgakayan.com\/wp-content\/uploads\/2024\/09\/icon1-300x300.png 300w, https:\/\/www.drzeyneltolgakayan.com\/wp-content\/uploads\/2024\/09\/icon1-100x100.png 100w, https:\/\/www.drzeyneltolgakayan.com\/wp-content\/uploads\/2024\/09\/icon1.png 512w\" data-sizes=\"(max-width: 150px) 100vw, 150px\" \/><\/div><div class=\"cz_title_content\"><div class=\"cz_wpe_content\"><h3 style=\"text-align: center;\"><span style=\"font-size: 48px;\"><strong>WRINKLE TREATMENT<\/strong><\/span><\/h3><\/div><\/div><\/div>\r\n\t\t<\/div>\r\n\t\t\r\n\t\t\t\t<\/div>\n\t\t\t\t<\/div>\n\t\t\t\t<div class=\"elementor-element elementor-element-76cbe86 elementor-widget elementor-widget-cz_gap\" data-id=\"76cbe86\" data-element_type=\"widget\" data-widget_type=\"cz_gap.default\">\n\t\t\t\t<div class=\"elementor-widget-container\">\n\t\t\t<div class=\"cz_gap clr\"><\/div>\t\t<\/div>\n\t\t\t\t<\/div>\n\t\t\t\t\t<\/div>\n\t\t<\/div>\n\t\t\t\t\t<\/div>\n\t\t<\/section>\n\t\t<div class=\"elementor-element elementor-element-7409abd e-flex e-con-boxed e-con e-parent\" data-id=\"7409abd\" data-element_type=\"container\">\n\t\t\t\t\t<div class=\"e-con-inner\">\n\t\t\t\t<div class=\"elementor-element elementor-element-d3a53b9 elementor-widget elementor-widget-image\" data-id=\"d3a53b9\" data-element_type=\"widget\" data-widget_type=\"image.default\">\n\t\t\t\t<div class=\"elementor-widget-container\">\n\t\t\t\t\t\t\t\t\t\t\t\t\t<img fetchpriority=\"high\" decoding=\"async\" width=\"780\" height=\"480\" src=\"data:image\/svg+xml,%3Csvg%20xmlns%3D&#39;http%3A%2F%2Fwww.w3.org%2F2000%2Fsvg&#39;%20width=&#39;780&#39;%20height=&#39;480&#39;%20viewBox%3D&#39;0%200%20780%20480&#39;%2F%3E\" data-czlz data-src=\"https:\/\/www.drzeyneltolgakayan.com\/wp-content\/uploads\/2024\/09\/kirisiklik-tedavisi.jpg\" class=\"attachment-full size-full wp-image-1843\" alt=\"\" data-srcset=\"https:\/\/www.drzeyneltolgakayan.com\/wp-content\/uploads\/2024\/09\/kirisiklik-tedavisi.jpg 780w, https:\/\/www.drzeyneltolgakayan.com\/wp-content\/uploads\/2024\/09\/kirisiklik-tedavisi-300x185.jpg 300w, https:\/\/www.drzeyneltolgakayan.com\/wp-content\/uploads\/2024\/09\/kirisiklik-tedavisi-768x473.jpg 768w, https:\/\/www.drzeyneltolgakayan.com\/wp-content\/uploads\/2024\/09\/kirisiklik-tedavisi-600x369.jpg 600w\" data-sizes=\"(max-width: 780px) 100vw, 780px\" \/>\t\t\t\t\t\t\t\t\t\t\t\t\t<\/div>\n\t\t\t\t<\/div>\n\t\t\t\t\t<\/div>\n\t\t\t\t<\/div>\n\t\t\t\t<section class=\"elementor-section elementor-top-section elementor-element elementor-element-a78a25a elementor-section-boxed elementor-section-height-default elementor-section-height-default\" data-id=\"a78a25a\" data-element_type=\"section\">\n\t\t\t\t\t\t<div class=\"elementor-container elementor-column-gap-default\">\n\t\t\t\t\t<div class=\"elementor-column elementor-col-100 elementor-top-column elementor-element elementor-element-e11e8e8\" data-id=\"e11e8e8\" data-element_type=\"column\">\n\t\t\t<div class=\"elementor-widget-wrap elementor-element-populated\">\n\t\t\t\t\t\t<div class=\"elementor-element elementor-element-011ec08 elementor-widget elementor-widget-cz_gap\" data-id=\"011ec08\" data-element_type=\"widget\" data-widget_type=\"cz_gap.default\">\n\t\t\t\t<div class=\"elementor-widget-container\">\n\t\t\t<div class=\"cz_gap clr\"><\/div>\t\t<\/div>\n\t\t\t\t<\/div>\n\t\t\t\t<div class=\"elementor-element elementor-element-a206d1f elementor-widget elementor-widget-cz_title\" data-id=\"a206d1f\" data-element_type=\"widget\" data-widget_type=\"cz_title.default\">\n\t\t\t\t<div class=\"elementor-widget-container\">\n\t\t\t\t\r\n\t\t<div>\r\n\t\t\t<div class=\"cz_title clr cz_mobile_text_center cz_title_pos_inline\"><div class=\"cz_title_content\"><div class=\"cz_wpe_content\"><h3>K\u0131r\u0131\u015f\u0131kl\u0131k Tedavisi Nedir?<\/h3><p>K\u0131r\u0131\u015f\u0131kl\u0131k tedavisi, ciltteki ya\u015flanma belirtilerini azaltmak ve daha gen\u00e7 bir g\u00f6r\u00fcn\u00fcm elde etmek amac\u0131yla uygulanan estetik bir yakla\u015f\u0131md\u0131r. Zamanla, cilt elastikiyeti kaybolur, kolajen \u00fcretimi azal\u0131r ve bu durum k\u0131r\u0131\u015f\u0131kl\u0131klar\u0131n, ince \u00e7izgilerin ve sarkmalar\u0131n olu\u015fmas\u0131na neden olur. K\u0131r\u0131\u015f\u0131kl\u0131k tedavisi, farkl\u0131 teknikler ve y\u00f6ntemler kullanarak cildin s\u0131k\u0131la\u015fmas\u0131n\u0131 ve yenilenmesini sa\u011flarken, g\u00f6r\u00fcn\u00fcm\u00fcn\u00fc de iyile\u015ftirir.<\/p><h3>K\u0131r\u0131\u015f\u0131kl\u0131k Tedavisinin Faydalar\u0131 Nelerdir?<\/h3><ul><li><strong>Ya\u015flanma belirtilerinin azalt\u0131lmas\u0131:<\/strong> K\u0131r\u0131\u015f\u0131kl\u0131klar\u0131 ve ince \u00e7izgileri hafifleterek ciltte daha gen\u00e7 bir g\u00f6r\u00fcn\u00fcm sa\u011flar.<\/li><li><strong>Cilt elastikiyetinin art\u0131r\u0131lmas\u0131:<\/strong> Kolajen ve elastin \u00fcretimini te\u015fvik ederek cildin s\u0131k\u0131la\u015fmas\u0131na yard\u0131mc\u0131 olur.<\/li><li><strong>Cilt tonunu e\u015fitleme:<\/strong> Ciltteki renk d\u00fczensizliklerini d\u00fczeltir, daha homojen bir g\u00f6r\u00fcn\u00fcm sa\u011flar.<\/li><li><strong>H\u0131zl\u0131 ve etkili sonu\u00e7lar:<\/strong> Uygulama sonras\u0131nda hemen g\u00f6zle g\u00f6r\u00fcl\u00fcr sonu\u00e7lar elde edilir.<\/li><li><strong>\u00c7e\u015fitli se\u00e7enekler:<\/strong> Farkl\u0131 y\u00f6ntemler sayesinde her cilt tipi ve ihtiyac\u0131 i\u00e7in uygun tedavi se\u00e7enekleri sunar.<\/li><\/ul><h3>K\u0131r\u0131\u015f\u0131kl\u0131k Tedavisi Nas\u0131l Uygulan\u0131r?<\/h3><p>K\u0131r\u0131\u015f\u0131kl\u0131k tedavisi, cilt tipine ve k\u0131r\u0131\u015f\u0131kl\u0131klar\u0131n durumuna ba\u011fl\u0131 olarak de\u011fi\u015fiklik g\u00f6sterir. En yayg\u0131n kullan\u0131lan y\u00f6ntemler aras\u0131nda botoks, hyaluronik asit dolgular\u0131, mezoterapi, PRP (platelet-rich plasma) tedavisi ve lazer uygulamalar\u0131 bulunur. Tedavi \u00f6ncesinde uzman doktorlar\u0131m\u0131z, cilt analizi yaparak en uygun tedavi y\u00f6ntemini belirler. Uygulama genellikle 30 dakika kadar s\u00fcrer ve hastalar i\u015flem sonras\u0131nda g\u00fcnl\u00fck aktivitelerine hemen devam edebilir.<\/p><h3>ZTK Klinik\u2019te K\u0131r\u0131\u015f\u0131kl\u0131k Tedavisi<\/h3><p>ZTK Klinik\u2019te k\u0131r\u0131\u015f\u0131kl\u0131k tedavisi uygulamalar\u0131, Uzm. Dr. Zeynel Tolga Kayan taraf\u0131ndan g\u00fcvenli ve etkili bir \u015fekilde ger\u00e7ekle\u015ftirilir. Cildinizin ihtiya\u00e7lar\u0131na g\u00f6re \u00f6zel olarak planlanan tedavi ile daha gen\u00e7, p\u00fcr\u00fczs\u00fcz ve \u0131\u015f\u0131lt\u0131l\u0131 bir cilde sahip olabilirsiniz. K\u0131r\u0131\u015f\u0131kl\u0131k tedavisi i\u00e7in ZTK Klinik\u2019te randevu almay\u0131 unutmay\u0131n.<\/p><\/div><\/div><\/div>\r\n\t\t<\/div>\r\n\t\t\r\n\t\t\t\t<\/div>\n\t\t\t\t<\/div>\n\t\t\t\t<div class=\"elementor-element elementor-element-d2ca8ed elementor-widget elementor-widget-cz_gap\" data-id=\"d2ca8ed\" data-element_type=\"widget\" data-widget_type=\"cz_gap.default\">\n\t\t\t\t<div class=\"elementor-widget-container\">\n\t\t\t<div class=\"cz_gap clr\"><\/div>\t\t<\/div>\n\t\t\t\t<\/div>\n\t\t\t\t\t<\/div>\n\t\t<\/div>\n\t\t\t\t\t<\/div>\n\t\t<\/section>\n\t\t\t\t<section class=\"elementor-section elementor-top-section elementor-element elementor-element-9308278 elementor-section-boxed elementor-section-height-default elementor-section-height-default\" data-id=\"9308278\" data-element_type=\"section\">\n\t\t\t\t\t\t<div class=\"elementor-container elementor-column-gap-default\">\n\t\t\t\t\t<div class=\"elementor-column elementor-col-100 elementor-top-column elementor-element elementor-element-87f3830\" data-id=\"87f3830\" data-element_type=\"column\">\n\t\t\t<div class=\"elementor-widget-wrap elementor-element-populated\">\n\t\t\t\t\t\t<section class=\"elementor-section elementor-inner-section elementor-element elementor-element-ce58abb elementor-section-boxed elementor-section-height-default elementor-section-height-default\" data-id=\"ce58abb\" data-element_type=\"section\">\n\t\t\t\t\t\t<div class=\"elementor-container elementor-column-gap-default\">\n\t\t\t\t\t<div class=\"elementor-column elementor-col-50 elementor-inner-column elementor-element elementor-element-c88a6d0\" data-id=\"c88a6d0\" data-element_type=\"column\">\n\t\t\t<div class=\"elementor-widget-wrap elementor-element-populated\">\n\t\t\t\t\t\t<div class=\"elementor-element elementor-element-b0bfd76 elementor-widget elementor-widget-cz_title\" data-id=\"b0bfd76\" data-element_type=\"widget\" data-widget_type=\"cz_title.default\">\n\t\t\t\t<div class=\"elementor-widget-container\">\n\t\t\t\t\r\n\t\t<div>\r\n\t\t\t<div class=\"cz_title clr cz_mobile_text_center cz_title_has_icon cz_title_pos_inline\"><div class=\"cz_title_content\"><i class=\"cz_title_icon_before fa czico-119-cross\"><\/i><div class=\"cz_wpe_content\"><h3><span style=\"font-size: 32px; color: #ffffff;\">DO YOU HAVE QUESTIONS?<\/span><\/h3>\n<span style=\"color: #d4d4d4;\">Get in touch now.<\/span><\/div><\/div><\/div>\r\n\t\t<\/div>\r\n\t\t\r\n\t\t\t\t<\/div>\n\t\t\t\t<\/div>\n\t\t\t\t\t<\/div>\n\t\t<\/div>\n\t\t\t\t<div class=\"elementor-column elementor-col-50 elementor-inner-column elementor-element elementor-element-c1fd997\" data-id=\"c1fd997\" data-element_type=\"column\">\n\t\t\t<div class=\"elementor-widget-wrap elementor-element-populated\">\n\t\t\t\t\t\t<div class=\"elementor-element elementor-element-b5066b8 elementor-widget elementor-widget-cz_button\" data-id=\"b5066b8\" data-element_type=\"widget\" data-widget_type=\"cz_button.default\">\n\t\t\t\t<div class=\"elementor-widget-container\">\n\t\t\t\t\t<div class=\"cz_btn_center\">\r\n\t\t\t<div>\r\n\t\t\t\t<a href=\"https:\/\/www.drzeyneltolgakayan.com\/en\/iletisim\/\" class=\"cz_btn cz_btn_txt_move_up cz_btn_zoom_in\">\r\n\r\n\t\t\t\t\t<span><i class=\"fa fa-angle-right\"><\/i>\t\t\t\t\t\t<strong>CONTACT\t\t\t\t\t\t\t\t\t\t\t\t\t<\/strong>\r\n\t\t\t\t\t\t\t\t\t\t\t<\/span>\r\n\r\n\t\t\t\t\t<b class=\"cz_btn_onhover\">\r\n\t\t\t\t\t\t<i class=\"fa fa-angle-right\"><\/i>\t\t\t\t\t\t<strong>\r\n\t\t\t\t\t\t\tCONTACT\t\t\t\t\t\t\t\t\t\t\t\t\t<\/strong>\r\n\t\t\t\t\t\t\t\t\t\t\t<\/b>\r\n\r\n\t\t\t\t<\/a>\r\n\t\t\t<\/div>\r\n\t\t<\/div> \t\t\t\t<\/div>\n\t\t\t\t<\/div>\n\t\t\t\t\t<\/div>\n\t\t<\/div>\n\t\t\t\t\t<\/div>\n\t\t<\/section>\n\t\t\t\t\t<\/div>\n\t\t<\/div>\n\t\t\t\t\t<\/div>\n\t\t<\/section>\n\t\t\t\t<\/div>","protected":false},"excerpt":{"rendered":"<p>KIRI\u015eIKLIK TEDAV\u0130S\u0130 K\u0131r\u0131\u015f\u0131kl\u0131k Tedavisi Nedir? K\u0131r\u0131\u015f\u0131kl\u0131k tedavisi, ciltteki ya\u015flanma belirtilerini azaltmak &#8230; <\/p>","protected":false},"author":1,"featured_media":1843,"parent":0,"menu_order":0,"comment_status":"closed","ping_status":"closed","template":"","meta":{"footnotes":""},"class_list":["post-1930","page","type-page","status-publish","has-post-thumbnail","hentry"],"_links":{"self":[{"href":"https:\/\/www.drzeyneltolgakayan.com\/en\/wp-json\/wp\/v2\/pages\/1930","targetHints":{"allow":["GET"]}}],"collection":[{"href":"https:\/\/www.drzeyneltolgakayan.com\/en\/wp-json\/wp\/v2\/pages"}],"about":[{"href":"https:\/\/www.drzeyneltolgakayan.com\/en\/wp-json\/wp\/v2\/types\/page"}],"author":[{"embeddable":true,"href":"https:\/\/www.drzeyneltolgakayan.com\/en\/wp-json\/wp\/v2\/users\/1"}],"replies":[{"embeddable":true,"href":"https:\/\/www.drzeyneltolgakayan.com\/en\/wp-json\/wp\/v2\/comments?post=1930"}],"version-history":[{"count":11,"href":"https:\/\/www.drzeyneltolgakayan.com\/en\/wp-json\/wp\/v2\/pages\/1930\/revisions"}],"predecessor-version":[{"id":2560,"href":"https:\/\/www.drzeyneltolgakayan.com\/en\/wp-json\/wp\/v2\/pages\/1930\/revisions\/2560"}],"wp:featuredmedia":[{"embeddable":true,"href":"https:\/\/www.drzeyneltolgakayan.com\/en\/wp-json\/wp\/v2\/media\/1843"}],"wp:attachment":[{"href":"https:\/\/www.drzeyneltolgakayan.com\/en\/wp-json\/wp\/v2\/media?parent=1930"}],"curies":[{"name":"wp","href":"https:\/\/api.w.org\/{rel}","templated":true}]}}