{"id":1936,"date":"2024-09-22T14:23:15","date_gmt":"2024-09-22T14:23:15","guid":{"rendered":"https:\/\/www.drzeyneltolgakayan.com\/?page_id=1936"},"modified":"2024-09-25T08:10:29","modified_gmt":"2024-09-25T08:10:29","slug":"catlak-tedavisi","status":"publish","type":"page","link":"https:\/\/www.drzeyneltolgakayan.com\/en\/catlak-tedavisi\/","title":{"rendered":"CRACK TREATMENT"},"content":{"rendered":"<div data-elementor-type=\"wp-page\" data-elementor-id=\"1936\" class=\"elementor elementor-1936\">\n\t\t\t\t\t\t<section class=\"elementor-section elementor-top-section elementor-element elementor-element-ad319a6 elementor-section-boxed elementor-section-height-default elementor-section-height-default\" data-id=\"ad319a6\" data-element_type=\"section\">\n\t\t\t\t\t\t<div class=\"elementor-container elementor-column-gap-default\">\n\t\t\t\t\t<div class=\"elementor-column elementor-col-100 elementor-top-column elementor-element elementor-element-33c5ea4\" data-id=\"33c5ea4\" data-element_type=\"column\">\n\t\t\t<div class=\"elementor-widget-wrap elementor-element-populated\">\n\t\t\t\t\t\t<div class=\"elementor-element elementor-element-ddba2c8 elementor-widget elementor-widget-cz_gap\" data-id=\"ddba2c8\" data-element_type=\"widget\" data-widget_type=\"cz_gap.default\">\n\t\t\t\t<div class=\"elementor-widget-container\">\n\t\t\t<div class=\"cz_gap clr\"><\/div>\t\t<\/div>\n\t\t\t\t<\/div>\n\t\t\t\t<div class=\"elementor-element elementor-element-9a5350e elementor-widget elementor-widget-cz_title\" data-id=\"9a5350e\" data-element_type=\"widget\" data-widget_type=\"cz_title.default\">\n\t\t\t\t<div class=\"elementor-widget-container\">\n\t\t\t\t\r\n\t\t<div>\r\n\t\t\t<div class=\"cz_title clr cz_title_pos_inline tac\"><div class=\"cz_title_shape shape_image cz_shape_1\"><img decoding=\"async\" width=\"150\" height=\"150\" src=\"data:image\/svg+xml,%3Csvg%20xmlns%3D&#39;http%3A%2F%2Fwww.w3.org%2F2000%2Fsvg&#39;%20width=&#39;150&#39;%20height=&#39;150&#39;%20viewBox%3D&#39;0%200%20150%20150&#39;%2F%3E\" data-czlz data-src=\"https:\/\/www.drzeyneltolgakayan.com\/wp-content\/uploads\/2024\/09\/icon1-150x150.png\" class=\"attachment-thumbnail size-thumbnail wp-image-2397\" alt=\"\" data-srcset=\"https:\/\/www.drzeyneltolgakayan.com\/wp-content\/uploads\/2024\/09\/icon1-150x150.png 150w, https:\/\/www.drzeyneltolgakayan.com\/wp-content\/uploads\/2024\/09\/icon1-300x300.png 300w, https:\/\/www.drzeyneltolgakayan.com\/wp-content\/uploads\/2024\/09\/icon1-100x100.png 100w, https:\/\/www.drzeyneltolgakayan.com\/wp-content\/uploads\/2024\/09\/icon1.png 512w\" data-sizes=\"(max-width: 150px) 100vw, 150px\" \/><\/div><div class=\"cz_title_content\"><div class=\"cz_wpe_content\"><h3 style=\"text-align: center;\"><span style=\"font-size: 48px;\"><strong>CRACK TREATMENT<\/strong><\/span><\/h3><\/div><\/div><\/div>\r\n\t\t<\/div>\r\n\t\t\r\n\t\t\t\t<\/div>\n\t\t\t\t<\/div>\n\t\t\t\t<div class=\"elementor-element elementor-element-76cbe86 elementor-widget elementor-widget-cz_gap\" data-id=\"76cbe86\" data-element_type=\"widget\" data-widget_type=\"cz_gap.default\">\n\t\t\t\t<div class=\"elementor-widget-container\">\n\t\t\t<div class=\"cz_gap clr\"><\/div>\t\t<\/div>\n\t\t\t\t<\/div>\n\t\t\t\t\t<\/div>\n\t\t<\/div>\n\t\t\t\t\t<\/div>\n\t\t<\/section>\n\t\t<div class=\"elementor-element elementor-element-7409abd e-flex e-con-boxed e-con e-parent\" data-id=\"7409abd\" data-element_type=\"container\">\n\t\t\t\t\t<div class=\"e-con-inner\">\n\t\t\t\t<div class=\"elementor-element elementor-element-d3a53b9 elementor-widget elementor-widget-image\" data-id=\"d3a53b9\" data-element_type=\"widget\" data-widget_type=\"image.default\">\n\t\t\t\t<div class=\"elementor-widget-container\">\n\t\t\t\t\t\t\t\t\t\t\t\t\t<img fetchpriority=\"high\" decoding=\"async\" width=\"780\" height=\"480\" src=\"data:image\/svg+xml,%3Csvg%20xmlns%3D&#39;http%3A%2F%2Fwww.w3.org%2F2000%2Fsvg&#39;%20width=&#39;780&#39;%20height=&#39;480&#39;%20viewBox%3D&#39;0%200%20780%20480&#39;%2F%3E\" data-czlz data-src=\"https:\/\/www.drzeyneltolgakayan.com\/wp-content\/uploads\/2024\/09\/catlak-tedavisi.jpg\" class=\"attachment-full size-full wp-image-1829\" alt=\"\" data-srcset=\"https:\/\/www.drzeyneltolgakayan.com\/wp-content\/uploads\/2024\/09\/catlak-tedavisi.jpg 780w, https:\/\/www.drzeyneltolgakayan.com\/wp-content\/uploads\/2024\/09\/catlak-tedavisi-300x185.jpg 300w, https:\/\/www.drzeyneltolgakayan.com\/wp-content\/uploads\/2024\/09\/catlak-tedavisi-768x473.jpg 768w, https:\/\/www.drzeyneltolgakayan.com\/wp-content\/uploads\/2024\/09\/catlak-tedavisi-600x369.jpg 600w\" data-sizes=\"(max-width: 780px) 100vw, 780px\" \/>\t\t\t\t\t\t\t\t\t\t\t\t\t<\/div>\n\t\t\t\t<\/div>\n\t\t\t\t\t<\/div>\n\t\t\t\t<\/div>\n\t\t\t\t<section class=\"elementor-section elementor-top-section elementor-element elementor-element-a78a25a elementor-section-boxed elementor-section-height-default elementor-section-height-default\" data-id=\"a78a25a\" data-element_type=\"section\">\n\t\t\t\t\t\t<div class=\"elementor-container elementor-column-gap-default\">\n\t\t\t\t\t<div class=\"elementor-column elementor-col-100 elementor-top-column elementor-element elementor-element-e11e8e8\" data-id=\"e11e8e8\" data-element_type=\"column\">\n\t\t\t<div class=\"elementor-widget-wrap elementor-element-populated\">\n\t\t\t\t\t\t<div class=\"elementor-element elementor-element-011ec08 elementor-widget elementor-widget-cz_gap\" data-id=\"011ec08\" data-element_type=\"widget\" data-widget_type=\"cz_gap.default\">\n\t\t\t\t<div class=\"elementor-widget-container\">\n\t\t\t<div class=\"cz_gap clr\"><\/div>\t\t<\/div>\n\t\t\t\t<\/div>\n\t\t\t\t<div class=\"elementor-element elementor-element-a206d1f elementor-widget elementor-widget-cz_title\" data-id=\"a206d1f\" data-element_type=\"widget\" data-widget_type=\"cz_title.default\">\n\t\t\t\t<div class=\"elementor-widget-container\">\n\t\t\t\t\r\n\t\t<div>\r\n\t\t\t<div class=\"cz_title clr cz_mobile_text_center cz_title_pos_inline\"><div class=\"cz_title_content\"><div class=\"cz_wpe_content\"><h3>\u00c7atlak Tedavisi Nedir?<\/h3><p>\u00c7atlak tedavisi, ciltte meydana gelen \u00e7atlaklar\u0131n g\u00f6r\u00fcn\u00fcm\u00fcn\u00fc azaltmak ve cilt dokusunu iyile\u015ftirmek amac\u0131yla uygulanan bir dizi dermatolojik i\u015flemdir. Genellikle hamilelik, h\u0131zl\u0131 kilo al\u0131m\u0131 veya kayb\u0131, hormonal de\u011fi\u015fiklikler ve genetik fakt\u00f6rler nedeniyle olu\u015fan \u00e7atlaklar, estetik kayg\u0131lar yaratabilir. ZTK Klinik, etkili \u00e7atlak tedavi y\u00f6ntemleri ile cilt sa\u011fl\u0131\u011f\u0131n\u0131z\u0131 geri kazanman\u0131za yard\u0131mc\u0131 olur.<\/p><h3>\u00c7atlak Tedavisinin Faydalar\u0131<\/h3><ul><li><strong>G\u00f6r\u00fcn\u00fcm\u00fcn iyile\u015ftirilmesi:<\/strong> \u00c7atlaklar\u0131n rengi ve g\u00f6r\u00fcn\u00fcm\u00fc azalt\u0131larak ciltte daha homojen bir g\u00f6r\u00fcn\u00fcm elde edilir.<\/li><li><strong>Cilt dokusunun g\u00fc\u00e7lendirilmesi:<\/strong> Uygulamalar, cildin elastikiyetini art\u0131rarak gelecekteki \u00e7atlak olu\u015fumunu \u00f6nleyebilir.<\/li><li><strong>Kendine g\u00fcven art\u0131\u015f\u0131:<\/strong> \u00c7atlaklar\u0131n g\u00f6r\u00fcn\u00fcm\u00fcndeki iyile\u015fme, bireylerin \u00f6zg\u00fcvenini art\u0131rarak sosyal hayatlar\u0131na olumlu katk\u0131larda bulunur.<\/li><li><strong>\u00c7e\u015fitli y\u00f6ntemlerle ki\u015fiselle\u015ftirilmi\u015f tedavi:<\/strong> Her bireyin cilt yap\u0131s\u0131 farkl\u0131 oldu\u011fundan, tedavi y\u00f6ntemleri ki\u015fiye \u00f6zel olarak belirlenir.<\/li><\/ul><h3>\u00c7atlak Tedavisi Nas\u0131l Uygulan\u0131r?<\/h3><p>\u00c7atlak tedavisi, bireyin cilt tipine ve \u00e7atlaklar\u0131n durumuna g\u00f6re farkl\u0131 y\u00f6ntemler ile uygulanabilir. ZTK Klinik\u2019te kullan\u0131lan yayg\u0131n tedavi y\u00f6ntemleri \u015funlard\u0131r:<\/p><ul><li><strong>Lazer Tedavisi:<\/strong> Cilt alt\u0131na lazer \u0131\u015f\u0131nlar\u0131 g\u00f6nderilerek \u00e7atlaklar\u0131n g\u00f6r\u00fcn\u00fcm\u00fcn\u00fc azaltan etkili bir y\u00f6ntemdir. Lazer, cildin kolajen \u00fcretimini art\u0131rarak daha sa\u011fl\u0131kl\u0131 bir g\u00f6r\u00fcn\u00fcm kazand\u0131r\u0131r.<\/li><li><strong>Kimyasal Peeling:<\/strong> Cildin \u00fcst tabakas\u0131n\u0131 soyarak \u00e7atlaklar\u0131n g\u00f6r\u00fcn\u00fcm\u00fcn\u00fc iyile\u015ftiren bir uygulamad\u0131r. Kimyasal maddeler, cildin yenilenmesine yard\u0131mc\u0131 olur.<\/li><li><strong>Mikro \u0130\u011fneleme:<\/strong> Ciltte k\u00fc\u00e7\u00fck delikler a\u00e7arak kolajen \u00fcretimini art\u0131ran bir tekniktir. Bu y\u00f6ntemle ciltteki \u00e7atlaklar\u0131n g\u00f6r\u00fcn\u00fcm\u00fc azalt\u0131l\u0131r.<\/li><li><strong>PRP (Platelet Rich Plasma) Uygulamas\u0131:<\/strong> Ki\u015finin kendi kan\u0131ndan elde edilen plazman\u0131n cilde enjekte edilmesi ile cilt yenileme s\u00fcreci desteklenir.<\/li><\/ul><h3>ZTK Klinik\u2019te \u00c7atlak Tedavisi<\/h3><p>ZTK Klinik, \u00e7atlak tedavisinde uzman ekibi ve modern teknolojileri ile g\u00fcvenilir hizmet sunmaktad\u0131r. \u00c7atlak sorununu kal\u0131c\u0131 olarak \u00e7\u00f6zmek ve cilt sa\u011fl\u0131\u011f\u0131n\u0131z\u0131 geri kazanmak i\u00e7in profesyonel yakla\u015f\u0131mlar\u0131m\u0131zdan yararlanabilirsiniz. Daha sa\u011fl\u0131kl\u0131 ve p\u00fcr\u00fczs\u00fcz bir cilt i\u00e7in ZTK Klinik\u2019in hizmetlerinden faydalanmak \u00fczere bizimle ileti\u015fime ge\u00e7in.<\/p><\/div><\/div><\/div>\r\n\t\t<\/div>\r\n\t\t\r\n\t\t\t\t<\/div>\n\t\t\t\t<\/div>\n\t\t\t\t<div class=\"elementor-element elementor-element-d2ca8ed elementor-widget elementor-widget-cz_gap\" data-id=\"d2ca8ed\" data-element_type=\"widget\" data-widget_type=\"cz_gap.default\">\n\t\t\t\t<div class=\"elementor-widget-container\">\n\t\t\t<div class=\"cz_gap clr\"><\/div>\t\t<\/div>\n\t\t\t\t<\/div>\n\t\t\t\t\t<\/div>\n\t\t<\/div>\n\t\t\t\t\t<\/div>\n\t\t<\/section>\n\t\t\t\t<section class=\"elementor-section elementor-top-section elementor-element elementor-element-d7c0a45 elementor-section-boxed elementor-section-height-default elementor-section-height-default\" data-id=\"d7c0a45\" data-element_type=\"section\">\n\t\t\t\t\t\t<div class=\"elementor-container elementor-column-gap-default\">\n\t\t\t\t\t<div class=\"elementor-column elementor-col-100 elementor-top-column elementor-element elementor-element-7765dd6\" data-id=\"7765dd6\" data-element_type=\"column\">\n\t\t\t<div class=\"elementor-widget-wrap elementor-element-populated\">\n\t\t\t\t\t\t<section class=\"elementor-section elementor-inner-section elementor-element elementor-element-178c776 elementor-section-boxed elementor-section-height-default elementor-section-height-default\" data-id=\"178c776\" data-element_type=\"section\">\n\t\t\t\t\t\t<div class=\"elementor-container elementor-column-gap-default\">\n\t\t\t\t\t<div class=\"elementor-column elementor-col-50 elementor-inner-column elementor-element elementor-element-e87f291\" data-id=\"e87f291\" data-element_type=\"column\">\n\t\t\t<div class=\"elementor-widget-wrap elementor-element-populated\">\n\t\t\t\t\t\t<div class=\"elementor-element elementor-element-9661c6d elementor-widget elementor-widget-cz_title\" data-id=\"9661c6d\" data-element_type=\"widget\" data-widget_type=\"cz_title.default\">\n\t\t\t\t<div class=\"elementor-widget-container\">\n\t\t\t\t\r\n\t\t<div>\r\n\t\t\t<div class=\"cz_title clr cz_mobile_text_center cz_title_has_icon cz_title_pos_inline\"><div class=\"cz_title_content\"><i class=\"cz_title_icon_before fa czico-119-cross\"><\/i><div class=\"cz_wpe_content\"><h3><span style=\"font-size: 32px; color: #ffffff;\">DO YOU HAVE QUESTIONS?<\/span><\/h3>\n<span style=\"color: #d4d4d4;\">Get in touch now.<\/span><\/div><\/div><\/div>\r\n\t\t<\/div>\r\n\t\t\r\n\t\t\t\t<\/div>\n\t\t\t\t<\/div>\n\t\t\t\t\t<\/div>\n\t\t<\/div>\n\t\t\t\t<div class=\"elementor-column elementor-col-50 elementor-inner-column elementor-element elementor-element-7c32460\" data-id=\"7c32460\" data-element_type=\"column\">\n\t\t\t<div class=\"elementor-widget-wrap elementor-element-populated\">\n\t\t\t\t\t\t<div class=\"elementor-element elementor-element-8a3934c elementor-widget elementor-widget-cz_button\" data-id=\"8a3934c\" data-element_type=\"widget\" data-widget_type=\"cz_button.default\">\n\t\t\t\t<div class=\"elementor-widget-container\">\n\t\t\t\t\t<div class=\"cz_btn_center\">\r\n\t\t\t<div>\r\n\t\t\t\t<a href=\"https:\/\/www.drzeyneltolgakayan.com\/en\/iletisim\/\" class=\"cz_btn cz_btn_txt_move_up cz_btn_zoom_in\">\r\n\r\n\t\t\t\t\t<span><i class=\"fa fa-angle-right\"><\/i>\t\t\t\t\t\t<strong>CONTACT\t\t\t\t\t\t\t\t\t\t\t\t\t<\/strong>\r\n\t\t\t\t\t\t\t\t\t\t\t<\/span>\r\n\r\n\t\t\t\t\t<b class=\"cz_btn_onhover\">\r\n\t\t\t\t\t\t<i class=\"fa fa-angle-right\"><\/i>\t\t\t\t\t\t<strong>\r\n\t\t\t\t\t\t\tCONTACT\t\t\t\t\t\t\t\t\t\t\t\t\t<\/strong>\r\n\t\t\t\t\t\t\t\t\t\t\t<\/b>\r\n\r\n\t\t\t\t<\/a>\r\n\t\t\t<\/div>\r\n\t\t<\/div> \t\t\t\t<\/div>\n\t\t\t\t<\/div>\n\t\t\t\t\t<\/div>\n\t\t<\/div>\n\t\t\t\t\t<\/div>\n\t\t<\/section>\n\t\t\t\t\t<\/div>\n\t\t<\/div>\n\t\t\t\t\t<\/div>\n\t\t<\/section>\n\t\t\t\t<\/div>","protected":false},"excerpt":{"rendered":"<p>\u00c7ATLAK TEDAV\u0130S\u0130 \u00c7atlak Tedavisi Nedir? \u00c7atlak tedavisi, ciltte meydana gelen \u00e7atlaklar\u0131n &#8230; <\/p>","protected":false},"author":1,"featured_media":1829,"parent":0,"menu_order":0,"comment_status":"closed","ping_status":"closed","template":"","meta":{"footnotes":""},"class_list":["post-1936","page","type-page","status-publish","has-post-thumbnail","hentry"],"_links":{"self":[{"href":"https:\/\/www.drzeyneltolgakayan.com\/en\/wp-json\/wp\/v2\/pages\/1936","targetHints":{"allow":["GET"]}}],"collection":[{"href":"https:\/\/www.drzeyneltolgakayan.com\/en\/wp-json\/wp\/v2\/pages"}],"about":[{"href":"https:\/\/www.drzeyneltolgakayan.com\/en\/wp-json\/wp\/v2\/types\/page"}],"author":[{"embeddable":true,"href":"https:\/\/www.drzeyneltolgakayan.com\/en\/wp-json\/wp\/v2\/users\/1"}],"replies":[{"embeddable":true,"href":"https:\/\/www.drzeyneltolgakayan.com\/en\/wp-json\/wp\/v2\/comments?post=1936"}],"version-history":[{"count":11,"href":"https:\/\/www.drzeyneltolgakayan.com\/en\/wp-json\/wp\/v2\/pages\/1936\/revisions"}],"predecessor-version":[{"id":2611,"href":"https:\/\/www.drzeyneltolgakayan.com\/en\/wp-json\/wp\/v2\/pages\/1936\/revisions\/2611"}],"wp:featuredmedia":[{"embeddable":true,"href":"https:\/\/www.drzeyneltolgakayan.com\/en\/wp-json\/wp\/v2\/media\/1829"}],"wp:attachment":[{"href":"https:\/\/www.drzeyneltolgakayan.com\/en\/wp-json\/wp\/v2\/media?parent=1936"}],"curies":[{"name":"wp","href":"https:\/\/api.w.org\/{rel}","templated":true}]}}