{"id":1939,"date":"2024-09-22T14:23:22","date_gmt":"2024-09-22T14:23:22","guid":{"rendered":"https:\/\/www.drzeyneltolgakayan.com\/?page_id=1939"},"modified":"2024-09-25T07:56:36","modified_gmt":"2024-09-25T07:56:36","slug":"sac-dokulmesi-tedavisi","status":"publish","type":"page","link":"https:\/\/www.drzeyneltolgakayan.com\/en\/sac-dokulmesi-tedavisi\/","title":{"rendered":"HAIR LOSS TREATMENT"},"content":{"rendered":"<div data-elementor-type=\"wp-page\" data-elementor-id=\"1939\" class=\"elementor elementor-1939\">\n\t\t\t\t\t\t<section class=\"elementor-section elementor-top-section elementor-element elementor-element-ad319a6 elementor-section-boxed elementor-section-height-default elementor-section-height-default\" data-id=\"ad319a6\" data-element_type=\"section\">\n\t\t\t\t\t\t<div class=\"elementor-container elementor-column-gap-default\">\n\t\t\t\t\t<div class=\"elementor-column elementor-col-100 elementor-top-column elementor-element elementor-element-33c5ea4\" data-id=\"33c5ea4\" data-element_type=\"column\">\n\t\t\t<div class=\"elementor-widget-wrap elementor-element-populated\">\n\t\t\t\t\t\t<div class=\"elementor-element elementor-element-ddba2c8 elementor-widget elementor-widget-cz_gap\" data-id=\"ddba2c8\" data-element_type=\"widget\" data-widget_type=\"cz_gap.default\">\n\t\t\t\t<div class=\"elementor-widget-container\">\n\t\t\t<div class=\"cz_gap clr\"><\/div>\t\t<\/div>\n\t\t\t\t<\/div>\n\t\t\t\t<div class=\"elementor-element elementor-element-9a5350e elementor-widget elementor-widget-cz_title\" data-id=\"9a5350e\" data-element_type=\"widget\" data-widget_type=\"cz_title.default\">\n\t\t\t\t<div class=\"elementor-widget-container\">\n\t\t\t\t\r\n\t\t<div>\r\n\t\t\t<div class=\"cz_title clr cz_title_pos_inline tac\"><div class=\"cz_title_shape shape_image cz_shape_1\"><img decoding=\"async\" width=\"150\" height=\"150\" src=\"data:image\/svg+xml,%3Csvg%20xmlns%3D&#39;http%3A%2F%2Fwww.w3.org%2F2000%2Fsvg&#39;%20width=&#39;150&#39;%20height=&#39;150&#39;%20viewBox%3D&#39;0%200%20150%20150&#39;%2F%3E\" data-czlz data-src=\"https:\/\/www.drzeyneltolgakayan.com\/wp-content\/uploads\/2024\/09\/icon1-150x150.png\" class=\"attachment-thumbnail size-thumbnail wp-image-2397\" alt=\"\" data-srcset=\"https:\/\/www.drzeyneltolgakayan.com\/wp-content\/uploads\/2024\/09\/icon1-150x150.png 150w, https:\/\/www.drzeyneltolgakayan.com\/wp-content\/uploads\/2024\/09\/icon1-300x300.png 300w, https:\/\/www.drzeyneltolgakayan.com\/wp-content\/uploads\/2024\/09\/icon1-100x100.png 100w, https:\/\/www.drzeyneltolgakayan.com\/wp-content\/uploads\/2024\/09\/icon1.png 512w\" data-sizes=\"(max-width: 150px) 100vw, 150px\" \/><\/div><div class=\"cz_title_content\"><div class=\"cz_wpe_content\"><h3 style=\"text-align: center;\"><span style=\"font-size: 48px;\"><strong>HAIR LOSS TREATMENT<\/strong><\/span><\/h3><\/div><\/div><\/div>\r\n\t\t<\/div>\r\n\t\t\r\n\t\t\t\t<\/div>\n\t\t\t\t<\/div>\n\t\t\t\t<div class=\"elementor-element elementor-element-76cbe86 elementor-widget elementor-widget-cz_gap\" data-id=\"76cbe86\" data-element_type=\"widget\" data-widget_type=\"cz_gap.default\">\n\t\t\t\t<div class=\"elementor-widget-container\">\n\t\t\t<div class=\"cz_gap clr\"><\/div>\t\t<\/div>\n\t\t\t\t<\/div>\n\t\t\t\t\t<\/div>\n\t\t<\/div>\n\t\t\t\t\t<\/div>\n\t\t<\/section>\n\t\t<div class=\"elementor-element elementor-element-7409abd e-flex e-con-boxed e-con e-parent\" data-id=\"7409abd\" data-element_type=\"container\">\n\t\t\t\t\t<div class=\"e-con-inner\">\n\t\t\t\t<div class=\"elementor-element elementor-element-d3a53b9 elementor-widget elementor-widget-image\" data-id=\"d3a53b9\" data-element_type=\"widget\" data-widget_type=\"image.default\">\n\t\t\t\t<div class=\"elementor-widget-container\">\n\t\t\t\t\t\t\t\t\t\t\t\t\t<img fetchpriority=\"high\" decoding=\"async\" width=\"780\" height=\"480\" src=\"data:image\/svg+xml,%3Csvg%20xmlns%3D&#39;http%3A%2F%2Fwww.w3.org%2F2000%2Fsvg&#39;%20width=&#39;780&#39;%20height=&#39;480&#39;%20viewBox%3D&#39;0%200%20780%20480&#39;%2F%3E\" data-czlz data-src=\"https:\/\/www.drzeyneltolgakayan.com\/wp-content\/uploads\/2024\/09\/sac-dokulme-tedavisi.jpg\" class=\"attachment-full size-full wp-image-1854\" alt=\"\" data-srcset=\"https:\/\/www.drzeyneltolgakayan.com\/wp-content\/uploads\/2024\/09\/sac-dokulme-tedavisi.jpg 780w, https:\/\/www.drzeyneltolgakayan.com\/wp-content\/uploads\/2024\/09\/sac-dokulme-tedavisi-300x185.jpg 300w, https:\/\/www.drzeyneltolgakayan.com\/wp-content\/uploads\/2024\/09\/sac-dokulme-tedavisi-768x473.jpg 768w, https:\/\/www.drzeyneltolgakayan.com\/wp-content\/uploads\/2024\/09\/sac-dokulme-tedavisi-600x369.jpg 600w\" data-sizes=\"(max-width: 780px) 100vw, 780px\" \/>\t\t\t\t\t\t\t\t\t\t\t\t\t<\/div>\n\t\t\t\t<\/div>\n\t\t\t\t\t<\/div>\n\t\t\t\t<\/div>\n\t\t\t\t<section class=\"elementor-section elementor-top-section elementor-element elementor-element-a78a25a elementor-section-boxed elementor-section-height-default elementor-section-height-default\" data-id=\"a78a25a\" data-element_type=\"section\">\n\t\t\t\t\t\t<div class=\"elementor-container elementor-column-gap-default\">\n\t\t\t\t\t<div class=\"elementor-column elementor-col-100 elementor-top-column elementor-element elementor-element-e11e8e8\" data-id=\"e11e8e8\" data-element_type=\"column\">\n\t\t\t<div class=\"elementor-widget-wrap elementor-element-populated\">\n\t\t\t\t\t\t<div class=\"elementor-element elementor-element-011ec08 elementor-widget elementor-widget-cz_gap\" data-id=\"011ec08\" data-element_type=\"widget\" data-widget_type=\"cz_gap.default\">\n\t\t\t\t<div class=\"elementor-widget-container\">\n\t\t\t<div class=\"cz_gap clr\"><\/div>\t\t<\/div>\n\t\t\t\t<\/div>\n\t\t\t\t<div class=\"elementor-element elementor-element-a206d1f elementor-widget elementor-widget-cz_title\" data-id=\"a206d1f\" data-element_type=\"widget\" data-widget_type=\"cz_title.default\">\n\t\t\t\t<div class=\"elementor-widget-container\">\n\t\t\t\t\r\n\t\t<div>\r\n\t\t\t<div class=\"cz_title clr cz_mobile_text_center cz_title_pos_inline\"><div class=\"cz_title_content\"><div class=\"cz_wpe_content\"><h3>Sa\u00e7 D\u00f6k\u00fclmesi Tedavisi Nedir?<\/h3><p>Sa\u00e7 d\u00f6k\u00fclmesi tedavisi, sa\u00e7 kayb\u0131 ya\u015fayan bireylerin sa\u00e7lar\u0131n\u0131n sa\u011fl\u0131\u011f\u0131n\u0131 geri kazanmas\u0131 ve d\u00f6k\u00fclmeyi durdurmas\u0131 amac\u0131yla uygulanan \u00e7e\u015fitli y\u00f6ntemleri kapsar. Sa\u00e7 d\u00f6k\u00fclmesi, genetik, hormonal de\u011fi\u015fiklikler, stres, beslenme eksiklikleri ve \u00e7evresel fakt\u00f6rler gibi bir\u00e7ok neden kaynaklanabilir. ZTK Klinik, ki\u015fiye \u00f6zel tedavi planlar\u0131 ile sa\u00e7 d\u00f6k\u00fclmesi sorununu \u00e7\u00f6zmeye y\u00f6nelik etkili y\u00f6ntemler sunmaktad\u0131r.<\/p><h3>Sa\u00e7 D\u00f6k\u00fclmesi Tedavisinin Faydalar\u0131 Nelerdir?<\/h3><ul><li><strong>Sa\u00e7 b\u00fcy\u00fcmesini te\u015fvik etme:<\/strong> Uygulanan tedavi y\u00f6ntemleri, sa\u00e7 folik\u00fcllerini uyararak sa\u011fl\u0131kl\u0131 sa\u00e7 b\u00fcy\u00fcmesini destekler.<\/li><li><strong>D\u00f6k\u00fclmeyi azaltma:<\/strong> Tedavi ile sa\u00e7 d\u00f6k\u00fclmesi durdurulabilir veya \u00f6nemli \u00f6l\u00e7\u00fcde azalt\u0131labilir.<\/li><li><strong>Sa\u00e7 kalitesinin art\u0131r\u0131lmas\u0131:<\/strong> Sa\u00e7\u0131n daha g\u00fc\u00e7l\u00fc, dolgun ve sa\u011fl\u0131kl\u0131 g\u00f6r\u00fcnmesini sa\u011flar.<\/li><li><strong>Ki\u015fiye \u00f6zel \u00e7\u00f6z\u00fcmler:<\/strong> Her bireyin sa\u00e7 d\u00f6k\u00fclmesi durumu farkl\u0131 oldu\u011fundan, tedavi planlar\u0131 ki\u015fiye \u00f6zel olarak haz\u0131rlan\u0131r.<\/li><li><strong>G\u00fcvenli ve etkili y\u00f6ntemler:<\/strong> ZTK Klinik, modern ve bilimsel temellere dayanan tedavi y\u00f6ntemleri kullanarak g\u00fcvenli bir s\u00fcre\u00e7 sunar.<\/li><\/ul><h3>Sa\u00e7 D\u00f6k\u00fclmesi Tedavi Y\u00f6ntemleri<\/h3><p>ZTK Klinik\u2019te sa\u00e7 d\u00f6k\u00fclmesi tedavisi i\u00e7in kullan\u0131lan baz\u0131 y\u00f6ntemler \u015funlard\u0131r:<\/p><ol><li><p><strong>PRP (Platelet Rich Plasma) Tedavisi:<\/strong> Ki\u015finin kendi kan\u0131ndan elde edilen plazman\u0131n sa\u00e7 k\u00f6klerine enjekte edilmesiyle sa\u00e7 b\u00fcy\u00fcmesi te\u015fvik edilir.<\/p><\/li><li><p><strong>Sa\u00e7 Mezoterapisi:<\/strong> Sa\u00e7 derisine vitamin, mineral ve amino asitlerden olu\u015fan \u00f6zel sol\u00fcsyonlar\u0131n enjekte edilmesi ile sa\u00e7 sa\u011fl\u0131\u011f\u0131 desteklenir.<\/p><\/li><li><p><strong>Sa\u00e7 D\u00f6k\u00fclmesi \u0130la\u00e7lar\u0131:<\/strong> Doktorun \u00f6nerdi\u011fi ila\u00e7 tedavileri ile sa\u00e7 d\u00f6k\u00fclmesinin durdurulmas\u0131 hedeflenir.<\/p><\/li><li><p><strong>Lazer Tedavisi:<\/strong> D\u00fc\u015f\u00fck seviyeli lazer tedavisi, sa\u00e7 folik\u00fcllerinin uyar\u0131lmas\u0131na yard\u0131mc\u0131 olur ve sa\u00e7 b\u00fcy\u00fcmesini destekler.<\/p><\/li><\/ol><h3>ZTK Klinik\u2019te Sa\u00e7 D\u00f6k\u00fclmesi Tedavisi<\/h3><p>ZTK Klinik, sa\u00e7 d\u00f6k\u00fclmesi sorunu ya\u015fayan bireyler i\u00e7in etkili ve g\u00fcvenilir \u00e7\u00f6z\u00fcmler sunmaktad\u0131r. Uzman ekibimiz, sa\u00e7 d\u00f6k\u00fclmesinin nedenlerini analiz ederek ki\u015fiye \u00f6zel bir tedavi plan\u0131 olu\u015fturur. Sa\u011fl\u0131kl\u0131 ve dolgun sa\u00e7lara kavu\u015fmak i\u00e7in ZTK Klinik\u2019in profesyonel hizmetlerinden yararlanabilirsiniz. Sa\u00e7 d\u00f6k\u00fclmesi tedavisi i\u00e7in randevu almak i\u00e7in bizimle ileti\u015fime ge\u00e7meyi unutmay\u0131n.<\/p><\/div><\/div><\/div>\r\n\t\t<\/div>\r\n\t\t\r\n\t\t\t\t<\/div>\n\t\t\t\t<\/div>\n\t\t\t\t<div class=\"elementor-element elementor-element-d2ca8ed elementor-widget elementor-widget-cz_gap\" data-id=\"d2ca8ed\" data-element_type=\"widget\" data-widget_type=\"cz_gap.default\">\n\t\t\t\t<div class=\"elementor-widget-container\">\n\t\t\t<div class=\"cz_gap clr\"><\/div>\t\t<\/div>\n\t\t\t\t<\/div>\n\t\t\t\t\t<\/div>\n\t\t<\/div>\n\t\t\t\t\t<\/div>\n\t\t<\/section>\n\t\t\t\t<section class=\"elementor-section elementor-top-section elementor-element elementor-element-7cbf598 elementor-section-boxed elementor-section-height-default elementor-section-height-default\" data-id=\"7cbf598\" data-element_type=\"section\">\n\t\t\t\t\t\t<div class=\"elementor-container elementor-column-gap-default\">\n\t\t\t\t\t<div class=\"elementor-column elementor-col-100 elementor-top-column elementor-element elementor-element-c5e78d2\" data-id=\"c5e78d2\" data-element_type=\"column\">\n\t\t\t<div class=\"elementor-widget-wrap elementor-element-populated\">\n\t\t\t\t\t\t<section class=\"elementor-section elementor-inner-section elementor-element elementor-element-a9821a2 elementor-section-boxed elementor-section-height-default elementor-section-height-default\" data-id=\"a9821a2\" data-element_type=\"section\">\n\t\t\t\t\t\t<div class=\"elementor-container elementor-column-gap-default\">\n\t\t\t\t\t<div class=\"elementor-column elementor-col-50 elementor-inner-column elementor-element elementor-element-f2a78fd\" data-id=\"f2a78fd\" data-element_type=\"column\">\n\t\t\t<div class=\"elementor-widget-wrap elementor-element-populated\">\n\t\t\t\t\t\t<div class=\"elementor-element elementor-element-7580093 elementor-widget elementor-widget-cz_title\" data-id=\"7580093\" data-element_type=\"widget\" data-widget_type=\"cz_title.default\">\n\t\t\t\t<div class=\"elementor-widget-container\">\n\t\t\t\t\r\n\t\t<div>\r\n\t\t\t<div class=\"cz_title clr cz_mobile_text_center cz_title_has_icon cz_title_pos_inline\"><div class=\"cz_title_content\"><i class=\"cz_title_icon_before fa czico-119-cross\"><\/i><div class=\"cz_wpe_content\"><h3><span style=\"font-size: 32px; color: #ffffff;\">DO YOU HAVE QUESTIONS?<\/span><\/h3>\n<span style=\"color: #d4d4d4;\">Get in touch now.<\/span><\/div><\/div><\/div>\r\n\t\t<\/div>\r\n\t\t\r\n\t\t\t\t<\/div>\n\t\t\t\t<\/div>\n\t\t\t\t\t<\/div>\n\t\t<\/div>\n\t\t\t\t<div class=\"elementor-column elementor-col-50 elementor-inner-column elementor-element elementor-element-68bac9d\" data-id=\"68bac9d\" data-element_type=\"column\">\n\t\t\t<div class=\"elementor-widget-wrap elementor-element-populated\">\n\t\t\t\t\t\t<div class=\"elementor-element elementor-element-cd8ea9a elementor-widget elementor-widget-cz_button\" data-id=\"cd8ea9a\" data-element_type=\"widget\" data-widget_type=\"cz_button.default\">\n\t\t\t\t<div class=\"elementor-widget-container\">\n\t\t\t\t\t<div class=\"cz_btn_center\">\r\n\t\t\t<div>\r\n\t\t\t\t<a href=\"https:\/\/www.drzeyneltolgakayan.com\/en\/iletisim\/\" class=\"cz_btn cz_btn_txt_move_up cz_btn_zoom_in\">\r\n\r\n\t\t\t\t\t<span><i class=\"fa fa-angle-right\"><\/i>\t\t\t\t\t\t<strong>CONTACT\t\t\t\t\t\t\t\t\t\t\t\t\t<\/strong>\r\n\t\t\t\t\t\t\t\t\t\t\t<\/span>\r\n\r\n\t\t\t\t\t<b class=\"cz_btn_onhover\">\r\n\t\t\t\t\t\t<i class=\"fa fa-angle-right\"><\/i>\t\t\t\t\t\t<strong>\r\n\t\t\t\t\t\t\tCONTACT\t\t\t\t\t\t\t\t\t\t\t\t\t<\/strong>\r\n\t\t\t\t\t\t\t\t\t\t\t<\/b>\r\n\r\n\t\t\t\t<\/a>\r\n\t\t\t<\/div>\r\n\t\t<\/div> \t\t\t\t<\/div>\n\t\t\t\t<\/div>\n\t\t\t\t\t<\/div>\n\t\t<\/div>\n\t\t\t\t\t<\/div>\n\t\t<\/section>\n\t\t\t\t\t<\/div>\n\t\t<\/div>\n\t\t\t\t\t<\/div>\n\t\t<\/section>\n\t\t\t\t<\/div>","protected":false},"excerpt":{"rendered":"<p>SA\u00c7 D\u00d6K\u00dcLMES\u0130 TEDAV\u0130S\u0130 Sa\u00e7 D\u00f6k\u00fclmesi Tedavisi Nedir? Sa\u00e7 d\u00f6k\u00fclmesi tedavisi, sa\u00e7 &#8230; <\/p>","protected":false},"author":1,"featured_media":1854,"parent":0,"menu_order":0,"comment_status":"closed","ping_status":"closed","template":"","meta":{"footnotes":""},"class_list":["post-1939","page","type-page","status-publish","has-post-thumbnail","hentry"],"_links":{"self":[{"href":"https:\/\/www.drzeyneltolgakayan.com\/en\/wp-json\/wp\/v2\/pages\/1939","targetHints":{"allow":["GET"]}}],"collection":[{"href":"https:\/\/www.drzeyneltolgakayan.com\/en\/wp-json\/wp\/v2\/pages"}],"about":[{"href":"https:\/\/www.drzeyneltolgakayan.com\/en\/wp-json\/wp\/v2\/types\/page"}],"author":[{"embeddable":true,"href":"https:\/\/www.drzeyneltolgakayan.com\/en\/wp-json\/wp\/v2\/users\/1"}],"replies":[{"embeddable":true,"href":"https:\/\/www.drzeyneltolgakayan.com\/en\/wp-json\/wp\/v2\/comments?post=1939"}],"version-history":[{"count":11,"href":"https:\/\/www.drzeyneltolgakayan.com\/en\/wp-json\/wp\/v2\/pages\/1939\/revisions"}],"predecessor-version":[{"id":2581,"href":"https:\/\/www.drzeyneltolgakayan.com\/en\/wp-json\/wp\/v2\/pages\/1939\/revisions\/2581"}],"wp:featuredmedia":[{"embeddable":true,"href":"https:\/\/www.drzeyneltolgakayan.com\/en\/wp-json\/wp\/v2\/media\/1854"}],"wp:attachment":[{"href":"https:\/\/www.drzeyneltolgakayan.com\/en\/wp-json\/wp\/v2\/media?parent=1939"}],"curies":[{"name":"wp","href":"https:\/\/api.w.org\/{rel}","templated":true}]}}