{"id":1940,"date":"2024-09-22T14:23:24","date_gmt":"2024-09-22T14:23:24","guid":{"rendered":"https:\/\/www.drzeyneltolgakayan.com\/?page_id=1940"},"modified":"2024-09-25T08:00:22","modified_gmt":"2024-09-25T08:00:22","slug":"terleme-botoksu","status":"publish","type":"page","link":"https:\/\/www.drzeyneltolgakayan.com\/en\/terleme-botoksu\/","title":{"rendered":"SWEATING BOTOX"},"content":{"rendered":"<div data-elementor-type=\"wp-page\" data-elementor-id=\"1940\" class=\"elementor elementor-1940\">\n\t\t\t\t\t\t<section class=\"elementor-section elementor-top-section elementor-element elementor-element-ad319a6 elementor-section-boxed elementor-section-height-default elementor-section-height-default\" data-id=\"ad319a6\" data-element_type=\"section\">\n\t\t\t\t\t\t<div class=\"elementor-container elementor-column-gap-default\">\n\t\t\t\t\t<div class=\"elementor-column elementor-col-100 elementor-top-column elementor-element elementor-element-33c5ea4\" data-id=\"33c5ea4\" data-element_type=\"column\">\n\t\t\t<div class=\"elementor-widget-wrap elementor-element-populated\">\n\t\t\t\t\t\t<div class=\"elementor-element elementor-element-ddba2c8 elementor-widget elementor-widget-cz_gap\" data-id=\"ddba2c8\" data-element_type=\"widget\" data-widget_type=\"cz_gap.default\">\n\t\t\t\t<div class=\"elementor-widget-container\">\n\t\t\t<div class=\"cz_gap clr\"><\/div>\t\t<\/div>\n\t\t\t\t<\/div>\n\t\t\t\t<div class=\"elementor-element elementor-element-9a5350e elementor-widget elementor-widget-cz_title\" data-id=\"9a5350e\" data-element_type=\"widget\" data-widget_type=\"cz_title.default\">\n\t\t\t\t<div class=\"elementor-widget-container\">\n\t\t\t\t\r\n\t\t<div>\r\n\t\t\t<div class=\"cz_title clr cz_title_pos_inline tac\"><div class=\"cz_title_shape shape_image cz_shape_1\"><img decoding=\"async\" width=\"150\" height=\"150\" src=\"data:image\/svg+xml,%3Csvg%20xmlns%3D&#39;http%3A%2F%2Fwww.w3.org%2F2000%2Fsvg&#39;%20width=&#39;150&#39;%20height=&#39;150&#39;%20viewBox%3D&#39;0%200%20150%20150&#39;%2F%3E\" data-czlz data-src=\"https:\/\/www.drzeyneltolgakayan.com\/wp-content\/uploads\/2024\/09\/icon1-150x150.png\" class=\"attachment-thumbnail size-thumbnail wp-image-2397\" alt=\"\" data-srcset=\"https:\/\/www.drzeyneltolgakayan.com\/wp-content\/uploads\/2024\/09\/icon1-150x150.png 150w, https:\/\/www.drzeyneltolgakayan.com\/wp-content\/uploads\/2024\/09\/icon1-300x300.png 300w, https:\/\/www.drzeyneltolgakayan.com\/wp-content\/uploads\/2024\/09\/icon1-100x100.png 100w, https:\/\/www.drzeyneltolgakayan.com\/wp-content\/uploads\/2024\/09\/icon1.png 512w\" data-sizes=\"(max-width: 150px) 100vw, 150px\" \/><\/div><div class=\"cz_title_content\"><div class=\"cz_wpe_content\"><h3 style=\"text-align: center;\"><span style=\"font-size: 48px;\"><strong>SWEATING BOTOX<\/strong><\/span><\/h3><\/div><\/div><\/div>\r\n\t\t<\/div>\r\n\t\t\r\n\t\t\t\t<\/div>\n\t\t\t\t<\/div>\n\t\t\t\t<div class=\"elementor-element elementor-element-76cbe86 elementor-widget elementor-widget-cz_gap\" data-id=\"76cbe86\" data-element_type=\"widget\" data-widget_type=\"cz_gap.default\">\n\t\t\t\t<div class=\"elementor-widget-container\">\n\t\t\t<div class=\"cz_gap clr\"><\/div>\t\t<\/div>\n\t\t\t\t<\/div>\n\t\t\t\t\t<\/div>\n\t\t<\/div>\n\t\t\t\t\t<\/div>\n\t\t<\/section>\n\t\t<div class=\"elementor-element elementor-element-7409abd e-flex e-con-boxed e-con e-parent\" data-id=\"7409abd\" data-element_type=\"container\">\n\t\t\t\t\t<div class=\"e-con-inner\">\n\t\t\t\t<div class=\"elementor-element elementor-element-d3a53b9 elementor-widget elementor-widget-image\" data-id=\"d3a53b9\" data-element_type=\"widget\" data-widget_type=\"image.default\">\n\t\t\t\t<div class=\"elementor-widget-container\">\n\t\t\t\t\t\t\t\t\t\t\t\t\t<img fetchpriority=\"high\" decoding=\"async\" width=\"780\" height=\"480\" src=\"data:image\/svg+xml,%3Csvg%20xmlns%3D&#39;http%3A%2F%2Fwww.w3.org%2F2000%2Fsvg&#39;%20width=&#39;780&#39;%20height=&#39;480&#39;%20viewBox%3D&#39;0%200%20780%20480&#39;%2F%3E\" data-czlz data-src=\"https:\/\/www.drzeyneltolgakayan.com\/wp-content\/uploads\/2024\/09\/terleme-botoksu.jpg\" class=\"attachment-full size-full wp-image-1857\" alt=\"\" data-srcset=\"https:\/\/www.drzeyneltolgakayan.com\/wp-content\/uploads\/2024\/09\/terleme-botoksu.jpg 780w, https:\/\/www.drzeyneltolgakayan.com\/wp-content\/uploads\/2024\/09\/terleme-botoksu-300x185.jpg 300w, https:\/\/www.drzeyneltolgakayan.com\/wp-content\/uploads\/2024\/09\/terleme-botoksu-768x473.jpg 768w, https:\/\/www.drzeyneltolgakayan.com\/wp-content\/uploads\/2024\/09\/terleme-botoksu-600x369.jpg 600w\" data-sizes=\"(max-width: 780px) 100vw, 780px\" \/>\t\t\t\t\t\t\t\t\t\t\t\t\t<\/div>\n\t\t\t\t<\/div>\n\t\t\t\t\t<\/div>\n\t\t\t\t<\/div>\n\t\t\t\t<section class=\"elementor-section elementor-top-section elementor-element elementor-element-a78a25a elementor-section-boxed elementor-section-height-default elementor-section-height-default\" data-id=\"a78a25a\" data-element_type=\"section\">\n\t\t\t\t\t\t<div class=\"elementor-container elementor-column-gap-default\">\n\t\t\t\t\t<div class=\"elementor-column elementor-col-100 elementor-top-column elementor-element elementor-element-e11e8e8\" data-id=\"e11e8e8\" data-element_type=\"column\">\n\t\t\t<div class=\"elementor-widget-wrap elementor-element-populated\">\n\t\t\t\t\t\t<div class=\"elementor-element elementor-element-011ec08 elementor-widget elementor-widget-cz_gap\" data-id=\"011ec08\" data-element_type=\"widget\" data-widget_type=\"cz_gap.default\">\n\t\t\t\t<div class=\"elementor-widget-container\">\n\t\t\t<div class=\"cz_gap clr\"><\/div>\t\t<\/div>\n\t\t\t\t<\/div>\n\t\t\t\t<div class=\"elementor-element elementor-element-a206d1f elementor-widget elementor-widget-cz_title\" data-id=\"a206d1f\" data-element_type=\"widget\" data-widget_type=\"cz_title.default\">\n\t\t\t\t<div class=\"elementor-widget-container\">\n\t\t\t\t\r\n\t\t<div>\r\n\t\t\t<div class=\"cz_title clr cz_mobile_text_center cz_title_pos_inline\"><div class=\"cz_title_content\"><div class=\"cz_wpe_content\"><h3>Terleme Botoksu Nedir?<\/h3><p>Terleme botoksu, a\u015f\u0131r\u0131 terleme (hiperhidroz) sorununu tedavi etmek amac\u0131yla uygulanan etkili bir y\u00f6ntemdir. Botulinum toksin olarak bilinen bir madde, ter bezlerinin \u00e7al\u0131\u015fmas\u0131n\u0131 ge\u00e7ici olarak durdurarak terleme miktar\u0131n\u0131 azalt\u0131r. \u00d6zellikle koltuk alt\u0131, avu\u00e7 i\u00e7i, ayak taban\u0131 ve y\u00fcz gibi b\u00f6lgelerde a\u015f\u0131r\u0131 terleme ya\u015fayan bireyler i\u00e7in \u00f6nerilen bu y\u00f6ntem, ya\u015fam kalitesini art\u0131rmakta \u00f6nemli bir rol oynamaktad\u0131r.<\/p><h3>Terleme Botoksunun Faydalar\u0131 Nelerdir?<\/h3><ul><li><strong>A\u015f\u0131r\u0131 terlemenin kontrol alt\u0131na al\u0131nmas\u0131:<\/strong> Terleme botoksu, ter bezlerinin aktivitesini azaltarak a\u015f\u0131r\u0131 terlemeyi etkili bir \u015fekilde kontrol eder.<\/li><li><strong>Ki\u015fisel konforun art\u0131r\u0131lmas\u0131:<\/strong> G\u00fcnl\u00fck ya\u015famda terleme ile ili\u015fkili rahats\u0131zl\u0131klar\u0131n \u00f6n\u00fcne ge\u00e7erek daha rahat bir ya\u015fam s\u00fcr\u00fclmesini sa\u011flar.<\/li><li><strong>Sosyal ya\u015famda \u00f6zg\u00fcven:<\/strong> A\u015f\u0131r\u0131 terleme nedeniyle ya\u015fanan psikolojik bask\u0131y\u0131 azaltarak, bireylerin sosyal ortamlarda kendilerini daha \u00f6zg\u00fcr hissetmelerine yard\u0131mc\u0131 olur.<\/li><li><strong>H\u0131zl\u0131 ve etkili uygulama:<\/strong> Uygulama genellikle 30 dakika s\u00fcrer ve g\u00fcnl\u00fck hayata hemen d\u00f6n\u00fc\u015f sa\u011flanabilir.<\/li><\/ul><h3>Terleme Botoksu Nas\u0131l Uygulan\u0131r?<\/h3><p>Terleme botoksu uygulamas\u0131, uzman hekimler taraf\u0131ndan ger\u00e7ekle\u015ftirilir. \u0130lk olarak, tedavi edilecek b\u00f6lge temizlenir ve anestezik krem s\u00fcr\u00fclerek konfor sa\u011flan\u0131r. Ard\u0131ndan, botulinum toksin, ince i\u011fnelerle ter bezlerinin yo\u011fun oldu\u011fu b\u00f6lgelere enjekte edilir. \u0130\u015flem sonras\u0131 hafif k\u0131zar\u0131kl\u0131k veya \u015fi\u015flik olabilir, ancak bu belirtiler k\u0131sa s\u00fcrede ge\u00e7er.<\/p><h3>ZTK Klinik\u2019te Terleme Botoksu<\/h3><p>ZTK Klinik, a\u015f\u0131r\u0131 terleme sorununu \u00e7\u00f6zmek i\u00e7in g\u00fcvenilir ve etkili terleme botoksu uygulamalar\u0131 sunmaktad\u0131r. Uzman ekibimiz, ki\u015fiye \u00f6zel tedavi planlar\u0131 olu\u015fturarak en iyi sonu\u00e7lar\u0131 alman\u0131z\u0131 sa\u011flar. Terleme sorununu geride b\u0131rakmak ve daha konforlu bir ya\u015fam s\u00fcrmek i\u00e7in ZTK Klinik\u2019in profesyonel hizmetlerinden faydalanabilirsiniz. Terleme botoksu i\u00e7in randevu almak \u00fczere bizimle ileti\u015fime ge\u00e7meyi unutmay\u0131n.<\/p><\/div><\/div><\/div>\r\n\t\t<\/div>\r\n\t\t\r\n\t\t\t\t<\/div>\n\t\t\t\t<\/div>\n\t\t\t\t<div class=\"elementor-element elementor-element-d2ca8ed elementor-widget elementor-widget-cz_gap\" data-id=\"d2ca8ed\" data-element_type=\"widget\" data-widget_type=\"cz_gap.default\">\n\t\t\t\t<div class=\"elementor-widget-container\">\n\t\t\t<div class=\"cz_gap clr\"><\/div>\t\t<\/div>\n\t\t\t\t<\/div>\n\t\t\t\t\t<\/div>\n\t\t<\/div>\n\t\t\t\t\t<\/div>\n\t\t<\/section>\n\t\t\t\t<section class=\"elementor-section elementor-top-section elementor-element elementor-element-b863831 elementor-section-boxed elementor-section-height-default elementor-section-height-default\" data-id=\"b863831\" data-element_type=\"section\">\n\t\t\t\t\t\t<div class=\"elementor-container elementor-column-gap-default\">\n\t\t\t\t\t<div class=\"elementor-column elementor-col-100 elementor-top-column elementor-element elementor-element-ea1766b\" data-id=\"ea1766b\" data-element_type=\"column\">\n\t\t\t<div class=\"elementor-widget-wrap elementor-element-populated\">\n\t\t\t\t\t\t<section class=\"elementor-section elementor-inner-section elementor-element elementor-element-cf932f3 elementor-section-boxed elementor-section-height-default elementor-section-height-default\" data-id=\"cf932f3\" data-element_type=\"section\">\n\t\t\t\t\t\t<div class=\"elementor-container elementor-column-gap-default\">\n\t\t\t\t\t<div class=\"elementor-column elementor-col-50 elementor-inner-column elementor-element elementor-element-30741a2\" data-id=\"30741a2\" data-element_type=\"column\">\n\t\t\t<div class=\"elementor-widget-wrap elementor-element-populated\">\n\t\t\t\t\t\t<div class=\"elementor-element elementor-element-bec2108 elementor-widget elementor-widget-cz_title\" data-id=\"bec2108\" data-element_type=\"widget\" data-widget_type=\"cz_title.default\">\n\t\t\t\t<div class=\"elementor-widget-container\">\n\t\t\t\t\r\n\t\t<div>\r\n\t\t\t<div class=\"cz_title clr cz_mobile_text_center cz_title_has_icon cz_title_pos_inline\"><div class=\"cz_title_content\"><i class=\"cz_title_icon_before fa czico-119-cross\"><\/i><div class=\"cz_wpe_content\"><h3><span style=\"font-size: 32px; color: #ffffff;\">DO YOU HAVE QUESTIONS?<\/span><\/h3>\n<span style=\"color: #d4d4d4;\">Get in touch now.<\/span><\/div><\/div><\/div>\r\n\t\t<\/div>\r\n\t\t\r\n\t\t\t\t<\/div>\n\t\t\t\t<\/div>\n\t\t\t\t\t<\/div>\n\t\t<\/div>\n\t\t\t\t<div class=\"elementor-column elementor-col-50 elementor-inner-column elementor-element elementor-element-556923b\" data-id=\"556923b\" data-element_type=\"column\">\n\t\t\t<div class=\"elementor-widget-wrap elementor-element-populated\">\n\t\t\t\t\t\t<div class=\"elementor-element elementor-element-0852ebc elementor-widget elementor-widget-cz_button\" data-id=\"0852ebc\" data-element_type=\"widget\" data-widget_type=\"cz_button.default\">\n\t\t\t\t<div class=\"elementor-widget-container\">\n\t\t\t\t\t<div class=\"cz_btn_center\">\r\n\t\t\t<div>\r\n\t\t\t\t<a href=\"https:\/\/www.drzeyneltolgakayan.com\/en\/iletisim\/\" class=\"cz_btn cz_btn_txt_move_up cz_btn_zoom_in\">\r\n\r\n\t\t\t\t\t<span><i class=\"fa fa-angle-right\"><\/i>\t\t\t\t\t\t<strong>CONTACT\t\t\t\t\t\t\t\t\t\t\t\t\t<\/strong>\r\n\t\t\t\t\t\t\t\t\t\t\t<\/span>\r\n\r\n\t\t\t\t\t<b class=\"cz_btn_onhover\">\r\n\t\t\t\t\t\t<i class=\"fa fa-angle-right\"><\/i>\t\t\t\t\t\t<strong>\r\n\t\t\t\t\t\t\tCONTACT\t\t\t\t\t\t\t\t\t\t\t\t\t<\/strong>\r\n\t\t\t\t\t\t\t\t\t\t\t<\/b>\r\n\r\n\t\t\t\t<\/a>\r\n\t\t\t<\/div>\r\n\t\t<\/div> \t\t\t\t<\/div>\n\t\t\t\t<\/div>\n\t\t\t\t\t<\/div>\n\t\t<\/div>\n\t\t\t\t\t<\/div>\n\t\t<\/section>\n\t\t\t\t\t<\/div>\n\t\t<\/div>\n\t\t\t\t\t<\/div>\n\t\t<\/section>\n\t\t\t\t<\/div>","protected":false},"excerpt":{"rendered":"<p>TERLEME BOTOKSU Terleme Botoksu Nedir? Terleme botoksu, a\u015f\u0131r\u0131 terleme (hiperhidroz) sorununu &#8230; <\/p>","protected":false},"author":1,"featured_media":1857,"parent":0,"menu_order":0,"comment_status":"closed","ping_status":"closed","template":"","meta":{"footnotes":""},"class_list":["post-1940","page","type-page","status-publish","has-post-thumbnail","hentry"],"_links":{"self":[{"href":"https:\/\/www.drzeyneltolgakayan.com\/en\/wp-json\/wp\/v2\/pages\/1940","targetHints":{"allow":["GET"]}}],"collection":[{"href":"https:\/\/www.drzeyneltolgakayan.com\/en\/wp-json\/wp\/v2\/pages"}],"about":[{"href":"https:\/\/www.drzeyneltolgakayan.com\/en\/wp-json\/wp\/v2\/types\/page"}],"author":[{"embeddable":true,"href":"https:\/\/www.drzeyneltolgakayan.com\/en\/wp-json\/wp\/v2\/users\/1"}],"replies":[{"embeddable":true,"href":"https:\/\/www.drzeyneltolgakayan.com\/en\/wp-json\/wp\/v2\/comments?post=1940"}],"version-history":[{"count":11,"href":"https:\/\/www.drzeyneltolgakayan.com\/en\/wp-json\/wp\/v2\/pages\/1940\/revisions"}],"predecessor-version":[{"id":2590,"href":"https:\/\/www.drzeyneltolgakayan.com\/en\/wp-json\/wp\/v2\/pages\/1940\/revisions\/2590"}],"wp:featuredmedia":[{"embeddable":true,"href":"https:\/\/www.drzeyneltolgakayan.com\/en\/wp-json\/wp\/v2\/media\/1857"}],"wp:attachment":[{"href":"https:\/\/www.drzeyneltolgakayan.com\/en\/wp-json\/wp\/v2\/media?parent=1940"}],"curies":[{"name":"wp","href":"https:\/\/api.w.org\/{rel}","templated":true}]}}