{"id":1942,"date":"2024-09-22T14:23:29","date_gmt":"2024-09-22T14:23:29","guid":{"rendered":"https:\/\/www.drzeyneltolgakayan.com\/?page_id=1942"},"modified":"2024-09-24T06:35:56","modified_gmt":"2024-09-24T06:35:56","slug":"botoks","status":"publish","type":"page","link":"https:\/\/www.drzeyneltolgakayan.com\/en\/botoks\/","title":{"rendered":"BOTOX"},"content":{"rendered":"<div data-elementor-type=\"wp-page\" data-elementor-id=\"1942\" class=\"elementor elementor-1942\">\n\t\t\t\t\t\t<section class=\"elementor-section elementor-top-section elementor-element elementor-element-ad319a6 elementor-section-boxed elementor-section-height-default elementor-section-height-default\" data-id=\"ad319a6\" data-element_type=\"section\">\n\t\t\t\t\t\t<div class=\"elementor-container elementor-column-gap-default\">\n\t\t\t\t\t<div class=\"elementor-column elementor-col-100 elementor-top-column elementor-element elementor-element-33c5ea4\" data-id=\"33c5ea4\" data-element_type=\"column\">\n\t\t\t<div class=\"elementor-widget-wrap elementor-element-populated\">\n\t\t\t\t\t\t<div class=\"elementor-element elementor-element-ddba2c8 elementor-widget elementor-widget-cz_gap\" data-id=\"ddba2c8\" data-element_type=\"widget\" data-widget_type=\"cz_gap.default\">\n\t\t\t\t<div class=\"elementor-widget-container\">\n\t\t\t<div class=\"cz_gap clr\"><\/div>\t\t<\/div>\n\t\t\t\t<\/div>\n\t\t\t\t<div class=\"elementor-element elementor-element-9a5350e elementor-widget elementor-widget-cz_title\" data-id=\"9a5350e\" data-element_type=\"widget\" data-widget_type=\"cz_title.default\">\n\t\t\t\t<div class=\"elementor-widget-container\">\n\t\t\t\t\r\n\t\t<div>\r\n\t\t\t<div class=\"cz_title clr cz_title_pos_inline tac\"><div class=\"cz_title_shape shape_image cz_shape_1\"><img decoding=\"async\" width=\"150\" height=\"150\" src=\"data:image\/svg+xml,%3Csvg%20xmlns%3D&#39;http%3A%2F%2Fwww.w3.org%2F2000%2Fsvg&#39;%20width=&#39;150&#39;%20height=&#39;150&#39;%20viewBox%3D&#39;0%200%20150%20150&#39;%2F%3E\" data-czlz data-src=\"https:\/\/www.drzeyneltolgakayan.com\/wp-content\/uploads\/2024\/09\/icon1-150x150.png\" class=\"attachment-thumbnail size-thumbnail wp-image-2397\" alt=\"\" data-srcset=\"https:\/\/www.drzeyneltolgakayan.com\/wp-content\/uploads\/2024\/09\/icon1-150x150.png 150w, https:\/\/www.drzeyneltolgakayan.com\/wp-content\/uploads\/2024\/09\/icon1-300x300.png 300w, https:\/\/www.drzeyneltolgakayan.com\/wp-content\/uploads\/2024\/09\/icon1-100x100.png 100w, https:\/\/www.drzeyneltolgakayan.com\/wp-content\/uploads\/2024\/09\/icon1.png 512w\" data-sizes=\"(max-width: 150px) 100vw, 150px\" \/><\/div><div class=\"cz_title_content\"><div class=\"cz_wpe_content\"><h3 style=\"text-align: center;\"><span style=\"font-size: 48px;\"><strong>BOTOX<\/strong><\/span><\/h3><\/div><\/div><\/div>\r\n\t\t<\/div>\r\n\t\t\r\n\t\t\t\t<\/div>\n\t\t\t\t<\/div>\n\t\t\t\t<div class=\"elementor-element elementor-element-76cbe86 elementor-widget elementor-widget-cz_gap\" data-id=\"76cbe86\" data-element_type=\"widget\" data-widget_type=\"cz_gap.default\">\n\t\t\t\t<div class=\"elementor-widget-container\">\n\t\t\t<div class=\"cz_gap clr\"><\/div>\t\t<\/div>\n\t\t\t\t<\/div>\n\t\t\t\t\t<\/div>\n\t\t<\/div>\n\t\t\t\t\t<\/div>\n\t\t<\/section>\n\t\t<div class=\"elementor-element elementor-element-7409abd e-flex e-con-boxed e-con e-parent\" data-id=\"7409abd\" data-element_type=\"container\">\n\t\t\t\t\t<div class=\"e-con-inner\">\n\t\t\t\t<div class=\"elementor-element elementor-element-d3a53b9 elementor-widget elementor-widget-image\" data-id=\"d3a53b9\" data-element_type=\"widget\" data-widget_type=\"image.default\">\n\t\t\t\t<div class=\"elementor-widget-container\">\n\t\t\t\t\t\t\t\t\t\t\t\t\t<img fetchpriority=\"high\" decoding=\"async\" width=\"780\" height=\"480\" src=\"data:image\/svg+xml,%3Csvg%20xmlns%3D&#39;http%3A%2F%2Fwww.w3.org%2F2000%2Fsvg&#39;%20width=&#39;780&#39;%20height=&#39;480&#39;%20viewBox%3D&#39;0%200%20780%20480&#39;%2F%3E\" data-czlz data-src=\"https:\/\/www.drzeyneltolgakayan.com\/wp-content\/uploads\/2024\/09\/botoks.jpg\" class=\"attachment-full size-full wp-image-1870\" alt=\"\" data-srcset=\"https:\/\/www.drzeyneltolgakayan.com\/wp-content\/uploads\/2024\/09\/botoks.jpg 780w, https:\/\/www.drzeyneltolgakayan.com\/wp-content\/uploads\/2024\/09\/botoks-300x185.jpg 300w, https:\/\/www.drzeyneltolgakayan.com\/wp-content\/uploads\/2024\/09\/botoks-768x473.jpg 768w, https:\/\/www.drzeyneltolgakayan.com\/wp-content\/uploads\/2024\/09\/botoks-600x369.jpg 600w\" data-sizes=\"(max-width: 780px) 100vw, 780px\" \/>\t\t\t\t\t\t\t\t\t\t\t\t\t<\/div>\n\t\t\t\t<\/div>\n\t\t\t\t\t<\/div>\n\t\t\t\t<\/div>\n\t\t\t\t<section class=\"elementor-section elementor-top-section elementor-element elementor-element-a78a25a elementor-section-boxed elementor-section-height-default elementor-section-height-default\" data-id=\"a78a25a\" data-element_type=\"section\">\n\t\t\t\t\t\t<div class=\"elementor-container elementor-column-gap-default\">\n\t\t\t\t\t<div class=\"elementor-column elementor-col-100 elementor-top-column elementor-element elementor-element-e11e8e8\" data-id=\"e11e8e8\" data-element_type=\"column\">\n\t\t\t<div class=\"elementor-widget-wrap elementor-element-populated\">\n\t\t\t\t\t\t<div class=\"elementor-element elementor-element-011ec08 elementor-widget elementor-widget-cz_gap\" data-id=\"011ec08\" data-element_type=\"widget\" data-widget_type=\"cz_gap.default\">\n\t\t\t\t<div class=\"elementor-widget-container\">\n\t\t\t<div class=\"cz_gap clr\"><\/div>\t\t<\/div>\n\t\t\t\t<\/div>\n\t\t\t\t<div class=\"elementor-element elementor-element-a206d1f elementor-widget elementor-widget-cz_title\" data-id=\"a206d1f\" data-element_type=\"widget\" data-widget_type=\"cz_title.default\">\n\t\t\t\t<div class=\"elementor-widget-container\">\n\t\t\t\t\r\n\t\t<div>\r\n\t\t\t<div class=\"cz_title clr cz_mobile_text_center cz_title_pos_inline\"><div class=\"cz_title_content\"><div class=\"cz_wpe_content\"><h3>Botoks Nedir?<\/h3><p>Botoks, k\u0131r\u0131\u015f\u0131kl\u0131klar\u0131 azaltmak ve cilde daha gen\u00e7 bir g\u00f6r\u00fcn\u00fcm kazand\u0131rmak amac\u0131yla uygulanan bir estetik tedavi y\u00f6ntemidir. Botulinum toksini kullan\u0131larak yap\u0131lan bu i\u015flem, ciltteki ince \u00e7izgileri ve derin k\u0131r\u0131\u015f\u0131kl\u0131klar\u0131 gidermek i\u00e7in kaslar\u0131 ge\u00e7ici olarak gev\u015fetir. \u00d6zellikle al\u0131n, g\u00f6z \u00e7evresi (kaz ayaklar\u0131) ve ka\u015f aras\u0131 gibi mimik kaslar\u0131n\u0131n yo\u011fun kullan\u0131ld\u0131\u011f\u0131 b\u00f6lgelerde etkili sonu\u00e7lar sunar. Botoks, cerrahi bir m\u00fcdahale gerektirmeyen, h\u0131zl\u0131 ve g\u00fcvenli bir uygulamad\u0131r.<\/p><h3>Botoks Hangi Durumlarda Kullan\u0131l\u0131r?<\/h3><ul><li><strong>K\u0131r\u0131\u015f\u0131kl\u0131k tedavisi:<\/strong> Al\u0131n, g\u00f6z \u00e7evresi ve ka\u015f aras\u0131ndaki k\u0131r\u0131\u015f\u0131kl\u0131klar\u0131 gidermek i\u00e7in yayg\u0131n olarak kullan\u0131l\u0131r.<\/li><li><strong>A\u015f\u0131r\u0131 terleme (hiperhidroz) tedavisi:<\/strong> Botoks, koltuk alt\u0131, el ve ayak gibi b\u00f6lgelerde a\u015f\u0131r\u0131 terlemeyi \u00f6nlemek amac\u0131yla da kullan\u0131labilir.<\/li><li><strong>Migren tedavisi:<\/strong> Kronik migren ataklar\u0131n\u0131 azaltmak ve migren a\u011fr\u0131lar\u0131n\u0131n \u015fiddetini hafifletmek i\u00e7in uygulan\u0131r.<\/li><li><strong>\u00c7ene s\u0131kma ve di\u015f g\u0131c\u0131rdatma:<\/strong> Botoks, \u00e7ene kaslar\u0131na uyguland\u0131\u011f\u0131nda, di\u015f g\u0131c\u0131rdatma ve \u00e7ene s\u0131kma problemlerinin hafiflemesine yard\u0131mc\u0131 olabilir.<\/li><\/ul><h3>Botoks Nas\u0131l Uygulan\u0131r?<\/h3><p>Botoks, uzman doktor taraf\u0131ndan ince u\u00e7lu i\u011fnelerle tedavi edilecek b\u00f6lgeye enjekte edilir. \u0130\u015flem genellikle 10-15 dakika s\u00fcrer ve minimal bir rahats\u0131zl\u0131k hissedilir. Botoksun etkisi, uygulamadan 3-7 g\u00fcn sonra ortaya \u00e7\u0131kar ve yakla\u015f\u0131k 4-6 ay boyunca devam eder. Tekrarlanan uygulamalar ile sonu\u00e7lar uzun s\u00fcre kal\u0131c\u0131 hale getirilebilir.<\/p><h3>ZTK Klinik\u2019te Botoks<\/h3><p>ZTK Klinik\u2019te botoks uygulamalar\u0131, hastalar\u0131m\u0131z\u0131n y\u00fcz yap\u0131s\u0131na ve do\u011fal mimiklerine uyumlu olacak \u015fekilde planlan\u0131r. Uzman doktorlar\u0131m\u0131z, en g\u00fcvenli ve etkili sonu\u00e7lar\u0131 elde etmek i\u00e7in ki\u015fiye \u00f6zel bir yakla\u015f\u0131m benimser. K\u0131r\u0131\u015f\u0131kl\u0131klar\u0131n\u0131z\u0131 azaltarak daha gen\u00e7 ve taze bir g\u00f6r\u00fcn\u00fcm kazanmak i\u00e7in siz de ZTK Klinik\u2019te botoks tedavisini deneyimleyebilirsiniz.<\/p><\/div><\/div><\/div>\r\n\t\t<\/div>\r\n\t\t\r\n\t\t\t\t<\/div>\n\t\t\t\t<\/div>\n\t\t\t\t<div class=\"elementor-element elementor-element-d2ca8ed elementor-widget elementor-widget-cz_gap\" data-id=\"d2ca8ed\" data-element_type=\"widget\" data-widget_type=\"cz_gap.default\">\n\t\t\t\t<div class=\"elementor-widget-container\">\n\t\t\t<div class=\"cz_gap clr\"><\/div>\t\t<\/div>\n\t\t\t\t<\/div>\n\t\t\t\t\t<\/div>\n\t\t<\/div>\n\t\t\t\t\t<\/div>\n\t\t<\/section>\n\t\t\t\t<section class=\"elementor-section elementor-top-section elementor-element elementor-element-26a5171 elementor-section-boxed elementor-section-height-default elementor-section-height-default\" data-id=\"26a5171\" data-element_type=\"section\">\n\t\t\t\t\t\t<div class=\"elementor-container elementor-column-gap-default\">\n\t\t\t\t\t<div class=\"elementor-column elementor-col-100 elementor-top-column elementor-element elementor-element-3676cef\" data-id=\"3676cef\" data-element_type=\"column\">\n\t\t\t<div class=\"elementor-widget-wrap elementor-element-populated\">\n\t\t\t\t\t\t<section class=\"elementor-section elementor-inner-section elementor-element elementor-element-689d12f elementor-section-boxed elementor-section-height-default elementor-section-height-default\" data-id=\"689d12f\" data-element_type=\"section\">\n\t\t\t\t\t\t<div class=\"elementor-container elementor-column-gap-default\">\n\t\t\t\t\t<div class=\"elementor-column elementor-col-50 elementor-inner-column elementor-element elementor-element-90d59d9\" data-id=\"90d59d9\" data-element_type=\"column\">\n\t\t\t<div class=\"elementor-widget-wrap elementor-element-populated\">\n\t\t\t\t\t\t<div class=\"elementor-element elementor-element-c07db67 elementor-widget elementor-widget-cz_title\" data-id=\"c07db67\" data-element_type=\"widget\" data-widget_type=\"cz_title.default\">\n\t\t\t\t<div class=\"elementor-widget-container\">\n\t\t\t\t\r\n\t\t<div>\r\n\t\t\t<div class=\"cz_title clr cz_mobile_text_center cz_title_has_icon cz_title_pos_inline\"><div class=\"cz_title_content\"><i class=\"cz_title_icon_before fa czico-119-cross\"><\/i><div class=\"cz_wpe_content\"><h3><span style=\"font-size: 32px; color: #ffffff;\">DO YOU HAVE QUESTIONS?<\/span><\/h3>\n<span style=\"color: #d4d4d4;\">Get in touch now.<\/span><\/div><\/div><\/div>\r\n\t\t<\/div>\r\n\t\t\r\n\t\t\t\t<\/div>\n\t\t\t\t<\/div>\n\t\t\t\t\t<\/div>\n\t\t<\/div>\n\t\t\t\t<div class=\"elementor-column elementor-col-50 elementor-inner-column elementor-element elementor-element-03fb3ca\" data-id=\"03fb3ca\" data-element_type=\"column\">\n\t\t\t<div class=\"elementor-widget-wrap elementor-element-populated\">\n\t\t\t\t\t\t<div class=\"elementor-element elementor-element-328db3e elementor-widget elementor-widget-cz_button\" data-id=\"328db3e\" data-element_type=\"widget\" data-widget_type=\"cz_button.default\">\n\t\t\t\t<div class=\"elementor-widget-container\">\n\t\t\t\t\t<div class=\"cz_btn_center\">\r\n\t\t\t<div>\r\n\t\t\t\t<a href=\"https:\/\/www.drzeyneltolgakayan.com\/en\/iletisim\/\" class=\"cz_btn cz_btn_txt_move_up cz_btn_zoom_in\">\r\n\r\n\t\t\t\t\t<span><i class=\"fa fa-angle-right\"><\/i>\t\t\t\t\t\t<strong>CONTACT\t\t\t\t\t\t\t\t\t\t\t\t\t<\/strong>\r\n\t\t\t\t\t\t\t\t\t\t\t<\/span>\r\n\r\n\t\t\t\t\t<b class=\"cz_btn_onhover\">\r\n\t\t\t\t\t\t<i class=\"fa fa-angle-right\"><\/i>\t\t\t\t\t\t<strong>\r\n\t\t\t\t\t\t\tCONTACT\t\t\t\t\t\t\t\t\t\t\t\t\t<\/strong>\r\n\t\t\t\t\t\t\t\t\t\t\t<\/b>\r\n\r\n\t\t\t\t<\/a>\r\n\t\t\t<\/div>\r\n\t\t<\/div> \t\t\t\t<\/div>\n\t\t\t\t<\/div>\n\t\t\t\t\t<\/div>\n\t\t<\/div>\n\t\t\t\t\t<\/div>\n\t\t<\/section>\n\t\t\t\t\t<\/div>\n\t\t<\/div>\n\t\t\t\t\t<\/div>\n\t\t<\/section>\n\t\t\t\t<\/div>","protected":false},"excerpt":{"rendered":"<p>BOTOKS Botoks Nedir? Botoks, k\u0131r\u0131\u015f\u0131kl\u0131klar\u0131 azaltmak ve cilde daha gen\u00e7 bir &#8230; <\/p>","protected":false},"author":1,"featured_media":1870,"parent":0,"menu_order":0,"comment_status":"closed","ping_status":"closed","template":"","meta":{"footnotes":""},"class_list":["post-1942","page","type-page","status-publish","has-post-thumbnail","hentry"],"_links":{"self":[{"href":"https:\/\/www.drzeyneltolgakayan.com\/en\/wp-json\/wp\/v2\/pages\/1942","targetHints":{"allow":["GET"]}}],"collection":[{"href":"https:\/\/www.drzeyneltolgakayan.com\/en\/wp-json\/wp\/v2\/pages"}],"about":[{"href":"https:\/\/www.drzeyneltolgakayan.com\/en\/wp-json\/wp\/v2\/types\/page"}],"author":[{"embeddable":true,"href":"https:\/\/www.drzeyneltolgakayan.com\/en\/wp-json\/wp\/v2\/users\/1"}],"replies":[{"embeddable":true,"href":"https:\/\/www.drzeyneltolgakayan.com\/en\/wp-json\/wp\/v2\/comments?post=1942"}],"version-history":[{"count":11,"href":"https:\/\/www.drzeyneltolgakayan.com\/en\/wp-json\/wp\/v2\/pages\/1942\/revisions"}],"predecessor-version":[{"id":2474,"href":"https:\/\/www.drzeyneltolgakayan.com\/en\/wp-json\/wp\/v2\/pages\/1942\/revisions\/2474"}],"wp:featuredmedia":[{"embeddable":true,"href":"https:\/\/www.drzeyneltolgakayan.com\/en\/wp-json\/wp\/v2\/media\/1870"}],"wp:attachment":[{"href":"https:\/\/www.drzeyneltolgakayan.com\/en\/wp-json\/wp\/v2\/media?parent=1942"}],"curies":[{"name":"wp","href":"https:\/\/api.w.org\/{rel}","templated":true}]}}